{"id":3,"date":"2021-11-05T02:25:07","date_gmt":"2021-11-05T02:25:07","guid":{"rendered":"https:\/\/energiaadebate.com\/landing\/?page_id=3"},"modified":"2022-01-12T18:54:44","modified_gmt":"2022-01-12T18:54:44","slug":"privacy-policy","status":"publish","type":"page","link":"https:\/\/energiaadebate.com\/due2022\/privacy-policy\/","title":{"rendered":"Privacy Policy"},"content":{"rendered":"<p>[vc_row][vc_column][vc_column_text]<\/p>\r\n<div class=\"vc_row wpb_row section vc_row-fluid\">\r\n<div class=\" full_section_inner clearfix\">\r\n<div class=\"wpb_column vc_column_container vc_col-sm-12\">\r\n<div class=\"vc_column-inner \">\r\n<div class=\"wpb_wrapper\">\r\n<div class=\"wpb_text_column wpb_content_element \">\r\n<div class=\"wpb_wrapper\">\r\n<div class=\"container\">\r\n<h3 class=\"wp-block-heading\" style=\"text-align: center;\"><strong>AVISO DE PRIVACIDAD<\/strong><\/h3>\r\n<p>&nbsp;<\/p>\r\n<p><strong>Denominada: Energ\u00eda a Debate, M\u00e9xico Eval\u00faa y Coparmex &#8211; DUE2022<\/strong><\/p>\r\n<p>&nbsp;<\/p>\r\n<p>En <strong>DUE2022<\/strong> estamos conscientes de la importancia de proteger correctamente sus datos personales, es por ello y en congruencia con lo establecido en la Ley Federal de Protecci\u00f3n de Datos Personales en Posesi\u00f3n de los Particulares (LFPDPPP) que <strong>DUE2022<\/strong> con domicilio Presidente Masaryk 61, piso 9 Col. Polanco, Delegaci\u00f3n Miguel Hidalgo C.P. 11560, Ciudad de M\u00e9xico, en su calidad de responsable, pone a su disposici\u00f3n el siguiente Aviso de Privacidad, a fin de que tenga pleno conocimiento sobre el tratamiento que se le dar\u00e1 a sus datos personales, as\u00ed como facilitarle el ejercicio de los derechos que la LFPDPPP le otorga.<\/p>\r\n<p>&nbsp;<\/p>\r\n<p><strong><span style=\"color: #01015b;\">1.- Datos Personales tratados.<\/span><\/strong><\/p>\r\n<p>Los datos personales que recopilamos de nuestros usuarios son:<\/p>\r\n<p>Nombre, tel\u00e9fono y direcci\u00f3n electr\u00f3nica.<\/p>\r\n<p>&nbsp;<\/p>\r\n<p>Los datos personales antes rese\u00f1ados son indispensables para que <strong>DUE2022<\/strong> pueda realizar contacto con usted, por lo que en caso de revocaci\u00f3n del consentimiento o el ejercicio del derecho de cancelaci\u00f3n para el tratamiento de dicho contacto se dar\u00e1 lugar a la rescisi\u00f3n con <strong>DUE2022<\/strong> sin responsabilidad para este \u00faltimo.<\/p>\r\n<p>&nbsp;<\/p>\r\n<p><strong><span style=\"color: #01015b;\">2.- Finalidades del tratamiento<\/span><\/strong><\/p>\r\n<p>Los datos personales que usted proporcione son utilizados (tratados) para las siguientes finalidades:<\/p>\r\n<p>suscripci\u00f3n de los contratos correspondientes a los servicios que provea <strong>DUE2022<\/strong>;<\/p>\r\n<p>identificaci\u00f3n y verificaci\u00f3n;<\/p>\r\n<p>contacto;<\/p>\r\n<p>Asimismo, sus datos personales ser\u00e1n utilizados las siguientes finalidades comerciales y de promoci\u00f3n: para enviarle informaci\u00f3n relativa a nuestros productos o servicios, para hacerle llegar ofertas y promociones<\/p>\r\n<p>En caso de que usted no desee que sus datos personales sean tratados para las finalidades comerciales y de promoci\u00f3n antes descritas, usted podr\u00e1 contactarnos en cualquier momento, para limitar dicho tratamiento, a trav\u00e9s de nuestro correo electr\u00f3nico\u00a0contacto@energiaadebate1.com\u00a0o directamente en nuestras oficinas ubicadas en\u00a0Presidente Masaryk 61, piso 9 Col. Polanco, Delegaci\u00f3n Miguel Hidalgo C.P. 11560, Ciudad de M\u00e9xico.<\/p>\r\n<p>&nbsp;<\/p>\r\n<p><strong><span style=\"color: #01015b;\">3.- Mecanismos de Seguridad<\/span><\/strong><\/p>\r\n<p>Para garantizar el correcto resguardo de sus datos personales y para dar pleno cumplimiento a las obligaciones que la LFPDPPP establece, se le informa que <strong>DUE2022<\/strong> tiene implementadas las medidas de seguridad administrativas, t\u00e9cnicas y f\u00edsicas necesarias para la correcta protecci\u00f3n de los datos.<\/p>\r\n<p>&nbsp;<\/p>\r\n<p><strong><span style=\"color: #01015b;\">4.- Revocaci\u00f3n del Consentimiento<\/span><\/strong><\/p>\r\n<p>El usuario podr\u00e1 revocar en cualquier momento su consentimiento para el tratamiento que <strong>DUE2022<\/strong> hace de sus datos personales por medio de un documento que deber\u00e1 presentar por escrito directamente en nuestras oficinas ubicadas en Presidente Masaryk 61, piso 9 Col. Polanco, Delegaci\u00f3n Miguel Hidalgo C.P. 11560, Ciudad de M\u00e9xico, en un horario de lunes a viernes de 8:00 a 13:00 horas y de 15:00 a 17:00 horas, o en cualquier momento o a trav\u00e9s de nuestro correo electr\u00f3nico contacto@energiaadebate.com misma que deber\u00e1 contener:<\/p>\r\n<p>nombre y domicilio u otro medio para comunicarle la respuesta a su solicitud;<\/p>\r\n<p>los documentos que acrediten su identidad o, en su caso, la representaci\u00f3n legal;<\/p>\r\n<p>la descripci\u00f3n clara y precisa de los datos personales respecto de los que revoca su consentimiento para el tratamiento,<\/p>\r\n<p>la manifestaci\u00f3n expresa para revocar su consentimiento al tratamiento de sus datos personales y por tanto, para que no se suspenda su uso;<\/p>\r\n<p>cualquier otro elemento que facilite la localizaci\u00f3n de los datos personales.<\/p>\r\n<p>&nbsp;<\/p>\r\n<p><strong><span style=\"color: #01015b;\">5.- Transferencias<\/span><\/strong><\/p>\r\n<p><strong>DUE2022<\/strong> en ning\u00fan caso podr\u00e1 transferir\u00e1 los datos personales de sus clientes a un tercero, sin el consentimiento previo de los titulares.<\/p>\r\n<p>&nbsp;<\/p>\r\n<p><strong><span style=\"color: #01015b;\">6.- Cambios al Aviso de Privacidad<\/span><\/strong><\/p>\r\n<p><strong>DUE2022<\/strong> se reserva el derecho de cambiar el contenido del presente Aviso de Privacidad en cualquier momento. En caso de que exista alg\u00fan cambio en este Aviso de Privacidad, se le comunicar\u00e1 a trav\u00e9s de nuestra p\u00e1gina web oficial http:\/\/energiaadebate.com\/due2022\/<\/p>\r\n<p>&nbsp;<\/p>\r\n<p>\u00daltima modificaci\u00f3n 10\/01\/2022<\/p>\r\n<p>&nbsp;<\/p>\r\n<\/div>\r\n<\/div>\r\n<\/div>\r\n<\/div>\r\n<\/div>\r\n<\/div>\r\n<\/div>\r\n<\/div>\r\n<p>[\/vc_column_text][\/vc_column][\/vc_row]<\/p>","protected":false},"excerpt":{"rendered":"<p>[vc_row][vc_column][vc_column_text] AVISO DE PRIVACIDAD &nbsp; Denominada: Energ\u00eda a Debate, M\u00e9xico Eval\u00faa y Coparmex &#8211; DUE2022 &nbsp; En DUE2022 estamos conscientes &#8230;<\/p>\n","protected":false},"author":1,"featured_media":0,"parent":0,"menu_order":0,"comment_status":"closed","ping_status":"open","template":"","meta":{"footnotes":""},"class_list":["post-3","page","type-page","status-publish","hentry"],"_links":{"self":[{"href":"https:\/\/energiaadebate.com\/due2022\/wp-json\/wp\/v2\/pages\/3","targetHints":{"allow":["GET"]}}],"collection":[{"href":"https:\/\/energiaadebate.com\/due2022\/wp-json\/wp\/v2\/pages"}],"about":[{"href":"https:\/\/energiaadebate.com\/due2022\/wp-json\/wp\/v2\/types\/page"}],"author":[{"embeddable":true,"href":"https:\/\/energiaadebate.com\/due2022\/wp-json\/wp\/v2\/users\/1"}],"replies":[{"embeddable":true,"href":"https:\/\/energiaadebate.com\/due2022\/wp-json\/wp\/v2\/comments?post=3"}],"version-history":[{"count":5,"href":"https:\/\/energiaadebate.com\/due2022\/wp-json\/wp\/v2\/pages\/3\/revisions"}],"predecessor-version":[{"id":729,"href":"https:\/\/energiaadebate.com\/due2022\/wp-json\/wp\/v2\/pages\/3\/revisions\/729"}],"wp:attachment":[{"href":"https:\/\/energiaadebate.com\/due2022\/wp-json\/wp\/v2\/media?parent=3"}],"curies":[{"name":"wp","href":"https:\/\/api.w.org\/{rel}","templated":true}]}}