{"id":36,"date":"2018-09-10T14:16:51","date_gmt":"2018-09-10T14:16:51","guid":{"rendered":"https:\/\/demo.cocobasic.com\/seppo-wp\/?page_id=36"},"modified":"2022-04-11T23:31:38","modified_gmt":"2022-04-11T23:31:38","slug":"objetivo","status":"publish","type":"page","link":"https:\/\/energiaadebate.com\/due2022\/objetivo\/","title":{"rendered":"Objetivo"},"content":{"rendered":"<p>[vc_row el_class=\u00bbtblanco\u00bb][vc_column el_class=\u00bbtblanc\u00bb][vc_column_text el_class=\u00bbtblanco\u00bb]<\/p>\n<h3><span style=\"color: #00136a;\">El Debate Universitario de Energ\u00eda 2022 es un certamen acad\u00e9mico especializado dirigido a la poblaci\u00f3n estudiantil de instituciones de educaci\u00f3n superior, p\u00fablicas y privadas, en M\u00e9xico, el cual persigue cuatro objetivos principales:<\/span><\/h3>\n<p>[\/vc_column_text][vc_column_text el_class=\u00bbtblanco\u00bb]<\/p>\n<table border=\"0\" width=\"100%\" cellspacing=\"0\" cellpadding=\"0\">\n<tbody>\n<tr>\n<td width=\"36\"><img loading=\"lazy\" decoding=\"async\" src=\"https:\/\/energiaadebate.com\/due2022\/wp-content\/uploads\/2022\/01\/bullet-1.png\" alt=\"\" width=\"7\" height=\"8\" \/><\/td>\n<td width=\"1119\">Fomentar una mejor comprensi\u00f3n del sector el\u00e9ctrico y su relaci\u00f3n con tem\u00e1ticas transversales.<\/td>\n<\/tr>\n<tr>\n<td><img loading=\"lazy\" decoding=\"async\" src=\"https:\/\/energiaadebate.com\/due2022\/wp-content\/uploads\/2022\/01\/bullet-1.png\" alt=\"\" width=\"7\" height=\"8\" \/><\/td>\n<td>Promover una relaci\u00f3n estrecha, din\u00e1mica y de cooperaci\u00f3n entre la poblaci\u00f3n estudiantil, el personal docente e instituciones de educaci\u00f3n superior con el sector energ\u00e9tico.<\/td>\n<\/tr>\n<tr>\n<td><img loading=\"lazy\" decoding=\"async\" src=\"https:\/\/energiaadebate.com\/due2022\/wp-content\/uploads\/2022\/01\/bullet-1.png\" alt=\"\" width=\"7\" height=\"8\" \/><\/td>\n<td>Establecer un espacio que permita discusiones propositivas de pol\u00edticas p\u00fablicas para el fomentar el desarrollo.<\/td>\n<\/tr>\n<tr>\n<td><img loading=\"lazy\" decoding=\"async\" src=\"https:\/\/energiaadebate.com\/due2022\/wp-content\/uploads\/2022\/01\/bullet-1.png\" alt=\"\" width=\"7\" height=\"8\" \/><\/td>\n<td>Impulsar proyectos educativos que coadyuven al fortalecimiento del sector energ\u00e9tico en M\u00e9xico.<\/td>\n<\/tr>\n<\/tbody>\n<\/table>\n<p>[\/vc_column_text][vc_column_text el_class=\u00bbtblanco\u00bb css=\u00bb.vc_custom_1641916116837{background-color: #f4f4f4 !important;}\u00bb]<\/p>\n<h5><span style=\"color: #00136a;\">En esta primera edici\u00f3n se invita a los j\u00f3venes para debatir sobre el tema \u201cEl futuro del sector el\u00e9ctrico en M\u00e9xico\u201d.<\/span><\/h5>\n<p>[\/vc_column_text][\/vc_column][\/vc_row][vc_row css=\u00bb.vc_custom_1649716800005{background-color: #ffffff !important;}\u00bb][vc_column width=\u00bb1\/4&#8243;][vc_column_text]<strong>Patrocinado por:\u00a0\u00a0<\/strong>[\/vc_column_text][\/vc_column][vc_column width=\u00bb1\/4&#8243;][vc_column_text]<img loading=\"lazy\" decoding=\"async\" class=\"wp-image-861 aligncenter\" src=\"https:\/\/energiaadebate.com\/due2022\/wp-content\/uploads\/2022\/02\/GASNN-4.jpg\" alt=\"\" width=\"297\" height=\"99\" srcset=\"https:\/\/energiaadebate.com\/due2022\/wp-content\/uploads\/2022\/02\/GASNN-4.jpg 768w, https:\/\/energiaadebate.com\/due2022\/wp-content\/uploads\/2022\/02\/GASNN-4-300x100.jpg 300w\" sizes=\"auto, (max-width: 297px) 100vw, 297px\" \/>[\/vc_column_text][\/vc_column][vc_column width=\u00bb1\/4&#8243;][vc_column_text]<img loading=\"lazy\" decoding=\"async\" class=\"alignnone wp-image-1106\" src=\"https:\/\/energiaadebate.com\/due2022\/wp-content\/uploads\/2022\/04\/466eeeb1-4b03-4efb-b357-a76fffd799c8.jpg\" alt=\"\" width=\"299\" height=\"63\" srcset=\"https:\/\/energiaadebate.com\/due2022\/wp-content\/uploads\/2022\/04\/466eeeb1-4b03-4efb-b357-a76fffd799c8.jpg 488w, https:\/\/energiaadebate.com\/due2022\/wp-content\/uploads\/2022\/04\/466eeeb1-4b03-4efb-b357-a76fffd799c8-300x63.jpg 300w\" sizes=\"auto, (max-width: 299px) 100vw, 299px\" \/>[\/vc_column_text][\/vc_column][vc_column width=\u00bb1\/4&#8243;][vc_column_text]<img loading=\"lazy\" decoding=\"async\" class=\"alignnone wp-image-1112\" src=\"https:\/\/energiaadebate.com\/due2022\/wp-content\/uploads\/2022\/04\/cipe.png\" alt=\"\" width=\"214\" height=\"118\" srcset=\"https:\/\/energiaadebate.com\/due2022\/wp-content\/uploads\/2022\/04\/cipe.png 414w, https:\/\/energiaadebate.com\/due2022\/wp-content\/uploads\/2022\/04\/cipe-300x165.png 300w\" sizes=\"auto, (max-width: 214px) 100vw, 214px\" \/>[\/vc_column_text][\/vc_column][\/vc_row]<\/p>\n","protected":false},"excerpt":{"rendered":"<p>[vc_row el_class=\u00bbtblanco\u00bb][vc_column el_class=\u00bbtblanc\u00bb][vc_column_text el_class=\u00bbtblanco\u00bb] El Debate Universitario de Energ\u00eda 2022 es un certamen acad\u00e9mico especializado dirigido a la poblaci\u00f3n estudiantil &#8230;<\/p>\n","protected":false},"author":1,"featured_media":725,"parent":0,"menu_order":2,"comment_status":"closed","ping_status":"closed","template":"","meta":{"footnotes":""},"class_list":["post-36","page","type-page","status-publish","has-post-thumbnail","hentry"],"_links":{"self":[{"href":"https:\/\/energiaadebate.com\/due2022\/wp-json\/wp\/v2\/pages\/36","targetHints":{"allow":["GET"]}}],"collection":[{"href":"https:\/\/energiaadebate.com\/due2022\/wp-json\/wp\/v2\/pages"}],"about":[{"href":"https:\/\/energiaadebate.com\/due2022\/wp-json\/wp\/v2\/types\/page"}],"author":[{"embeddable":true,"href":"https:\/\/energiaadebate.com\/due2022\/wp-json\/wp\/v2\/users\/1"}],"replies":[{"embeddable":true,"href":"https:\/\/energiaadebate.com\/due2022\/wp-json\/wp\/v2\/comments?post=36"}],"version-history":[{"count":75,"href":"https:\/\/energiaadebate.com\/due2022\/wp-json\/wp\/v2\/pages\/36\/revisions"}],"predecessor-version":[{"id":1121,"href":"https:\/\/energiaadebate.com\/due2022\/wp-json\/wp\/v2\/pages\/36\/revisions\/1121"}],"wp:featuredmedia":[{"embeddable":true,"href":"https:\/\/energiaadebate.com\/due2022\/wp-json\/wp\/v2\/media\/725"}],"wp:attachment":[{"href":"https:\/\/energiaadebate.com\/due2022\/wp-json\/wp\/v2\/media?parent=36"}],"curies":[{"name":"wp","href":"https:\/\/api.w.org\/{rel}","templated":true}]}}