{"id":458,"date":"2021-11-05T16:06:46","date_gmt":"2021-11-05T16:06:46","guid":{"rendered":"https:\/\/energiaadebate.com\/landing\/?page_id=458"},"modified":"2022-02-02T03:15:41","modified_gmt":"2022-02-02T03:15:41","slug":"registro","status":"publish","type":"page","link":"https:\/\/energiaadebate.com\/due2022\/registro\/","title":{"rendered":"Registro"},"content":{"rendered":"<p>[vc_row][vc_column width=\u00bb1\/2&#8243;][vc_column_text]<\/p>\n<h2><b>Inscripci\u00f3n y <\/b><b>recepci\u00f3n<\/b> \u00a0<b>de trabajos<\/b><\/h2>\n<p>La fecha l\u00edmite de inscripci\u00f3n ser\u00e1 el 25 de febrero de 2022.[\/vc_column_text][vc_column_text css_animation=\u00bbbounceIn\u00bb]<img loading=\"lazy\" decoding=\"async\" class=\"alignnone size-full wp-image-595\" src=\"https:\/\/energiaadebate.com\/due2022\/wp-content\/uploads\/2022\/01\/p2-2.png\" alt=\"\" width=\"398\" height=\"346\" srcset=\"https:\/\/energiaadebate.com\/due2022\/wp-content\/uploads\/2022\/01\/p2-2.png 398w, https:\/\/energiaadebate.com\/due2022\/wp-content\/uploads\/2022\/01\/p2-2-300x261.png 300w\" sizes=\"auto, (max-width: 398px) 100vw, 398px\" \/>[\/vc_column_text][\/vc_column][vc_column width=\u00bb1\/2&#8243;][vc_column_text]<div role=\"form\" class=\"wpcf7\" id=\"wpcf7-f5-o1\" lang=\"es-ES\" dir=\"ltr\">\n<div class=\"screen-reader-response\"><p role=\"status\" aria-live=\"polite\" aria-atomic=\"true\"><\/p> <ul><\/ul><\/div>\n<form action=\"\/due2022\/wp-json\/wp\/v2\/pages\/458#wpcf7-f5-o1\" method=\"post\" class=\"wpcf7-form init\" novalidate=\"novalidate\" data-status=\"init\">\n<div style=\"display: none;\">\n<input type=\"hidden\" name=\"_wpcf7\" value=\"5\" \/>\n<input type=\"hidden\" name=\"_wpcf7_version\" value=\"5.5.2\" \/>\n<input type=\"hidden\" name=\"_wpcf7_locale\" value=\"es_ES\" \/>\n<input type=\"hidden\" name=\"_wpcf7_unit_tag\" value=\"wpcf7-f5-o1\" \/>\n<input type=\"hidden\" name=\"_wpcf7_container_post\" value=\"0\" \/>\n<input type=\"hidden\" name=\"_wpcf7_posted_data_hash\" value=\"\" \/>\n<\/div>\n<p><label> Nombre<br \/>\n    <span class=\"wpcf7-form-control-wrap your-name\"><input type=\"text\" name=\"your-name\" value=\"\" size=\"40\" class=\"wpcf7-form-control wpcf7-text wpcf7-validates-as-required\" aria-required=\"true\" aria-invalid=\"false\" \/><\/span> <\/label><\/p>\n<p><label> Email<br \/>\n    <span class=\"wpcf7-form-control-wrap your-email\"><input type=\"email\" name=\"your-email\" value=\"\" size=\"40\" class=\"wpcf7-form-control wpcf7-text wpcf7-email wpcf7-validates-as-required wpcf7-validates-as-email\" aria-required=\"true\" aria-invalid=\"false\" \/><\/span> <\/label><\/p>\n<p><label> Tel\u00e9fono<br \/>\n    <span class=\"wpcf7-form-control-wrap your-telefono\"><input type=\"text\" name=\"your-telefono\" value=\"\" size=\"40\" class=\"wpcf7-form-control wpcf7-text wpcf7-validates-as-required\" aria-required=\"true\" aria-invalid=\"false\" \/><\/span> <\/label><\/p>\n<p><label> Instituci\u00f3n<br \/>\n    <span class=\"wpcf7-form-control-wrap your-instituto\"><input type=\"text\" name=\"your-instituto\" value=\"\" size=\"40\" class=\"wpcf7-form-control wpcf7-text wpcf7-validates-as-required\" aria-required=\"true\" aria-invalid=\"false\" \/><\/span> <\/label><\/p>\n<p><label> Tel\u00e9fono Instituci\u00f3n<br \/>\n    <span class=\"wpcf7-form-control-wrap your-phoneinstituto\"><input type=\"text\" name=\"your-phoneinstituto\" value=\"\" size=\"40\" class=\"wpcf7-form-control wpcf7-text wpcf7-validates-as-required\" aria-required=\"true\" aria-invalid=\"false\" \/><\/span> <\/label><\/p>\n<p><label> Carrera<br \/>\n    <span class=\"wpcf7-form-control-wrap your-carrera\"><input type=\"text\" name=\"your-carrera\" value=\"\" size=\"40\" class=\"wpcf7-form-control wpcf7-text wpcf7-validates-as-required\" aria-required=\"true\" aria-invalid=\"false\" \/><\/span> <\/label><\/p>\n<p><label> Integrantes del equipo<br \/>\n    <span class=\"wpcf7-form-control-wrap your-integrantes\"><textarea name=\"your-integrantes\" cols=\"40\" rows=\"10\" class=\"wpcf7-form-control wpcf7-textarea\" aria-invalid=\"false\"><\/textarea><\/span> <\/label><\/p>\n<p><label> Propuesta de Pol\u00edtica P\u00fablica<br \/>\n   <span class=\"wpcf7-form-control-wrap upload-file-883\"><input type=\"file\" size=\"40\" class=\"wpcf7-form-control wpcf7-drag-n-drop-file d-none\" aria-invalid=\"false\" multiple=\"multiple\" data-name=\"upload-file-883\" data-id=\"5\" data-version=\"free version 1.3.6.2\" accept=\".\" \/><\/span> <\/label><\/p>\n<p><span class=\"wpcf7-form-control-wrap checkbox-399\"><span class=\"wpcf7-form-control wpcf7-checkbox wpcf7-validates-as-required\"><span class=\"wpcf7-list-item first last\"><label><input type=\"checkbox\" name=\"checkbox-399[]\" value=\"* He le\u00eddo y acepto las condiciones de uso\" \/><span class=\"wpcf7-list-item-label\">* He le\u00eddo y acepto las condiciones de uso<\/span><\/label><\/span><\/span><\/span><\/p>\n<p><input type=\"submit\" value=\"ENVIAR\" class=\"wpcf7-form-control has-spinner wpcf7-submit\" \/><\/p>\n<div class=\"wpcf7-response-output\" aria-hidden=\"true\"><\/div><\/form><\/div>[\/vc_column_text][\/vc_column][\/vc_row][vc_row el_class=\u00bbtexto\u00bb][vc_column][vc_column_text el_class=\u00bbterminos\u00bb]<span style=\"color: #999999;\">* Acepto que la informaci\u00f3n que proporciono es ver\u00eddica y que la Propuesta de Pol\u00edtica P\u00fablica es original y no existe plagio. Asimismo, entiendo, reconozco y acepto que nuestra Informaci\u00f3n Personal y de la Propuesta de Pol\u00edtica P\u00fablica podr\u00e1 ser almacenada de manera electr\u00f3nica para su divulgaci\u00f3n al p\u00fablico.<\/span>[\/vc_column_text][\/vc_column][\/vc_row]<\/p>\n","protected":false},"excerpt":{"rendered":"<p>[vc_row][vc_column width=\u00bb1\/2&#8243;][vc_column_text] Inscripci\u00f3n y recepci\u00f3n \u00a0de trabajos La fecha l\u00edmite de inscripci\u00f3n ser\u00e1 el 25 de febrero de 2022.[\/vc_column_text][vc_column_text css_animation=\u00bbbounceIn\u00bb][\/vc_column_text][\/vc_column][vc_column &#8230;<\/p>\n","protected":false},"author":1,"featured_media":725,"parent":0,"menu_order":11,"comment_status":"closed","ping_status":"closed","template":"","meta":{"footnotes":""},"class_list":["post-458","page","type-page","status-publish","has-post-thumbnail","hentry"],"_links":{"self":[{"href":"https:\/\/energiaadebate.com\/due2022\/wp-json\/wp\/v2\/pages\/458","targetHints":{"allow":["GET"]}}],"collection":[{"href":"https:\/\/energiaadebate.com\/due2022\/wp-json\/wp\/v2\/pages"}],"about":[{"href":"https:\/\/energiaadebate.com\/due2022\/wp-json\/wp\/v2\/types\/page"}],"author":[{"embeddable":true,"href":"https:\/\/energiaadebate.com\/due2022\/wp-json\/wp\/v2\/users\/1"}],"replies":[{"embeddable":true,"href":"https:\/\/energiaadebate.com\/due2022\/wp-json\/wp\/v2\/comments?post=458"}],"version-history":[{"count":15,"href":"https:\/\/energiaadebate.com\/due2022\/wp-json\/wp\/v2\/pages\/458\/revisions"}],"predecessor-version":[{"id":707,"href":"https:\/\/energiaadebate.com\/due2022\/wp-json\/wp\/v2\/pages\/458\/revisions\/707"}],"wp:featuredmedia":[{"embeddable":true,"href":"https:\/\/energiaadebate.com\/due2022\/wp-json\/wp\/v2\/media\/725"}],"wp:attachment":[{"href":"https:\/\/energiaadebate.com\/due2022\/wp-json\/wp\/v2\/media?parent=458"}],"curies":[{"name":"wp","href":"https:\/\/api.w.org\/{rel}","templated":true}]}}