{"id":56,"date":"2018-09-10T14:18:06","date_gmt":"2018-09-10T14:18:06","guid":{"rendered":"https:\/\/demo.cocobasic.com\/seppo-wp\/?page_id=56"},"modified":"2022-02-10T19:27:02","modified_gmt":"2022-02-10T19:27:02","slug":"participantes","status":"publish","type":"page","link":"https:\/\/energiaadebate.com\/due2022\/participantes\/","title":{"rendered":"Participantes"},"content":{"rendered":"<p>[vc_row][vc_column][vc_column_text]<div class = \"one_half \"  >\n<p class=\"title-description-up\"><b>Participantes<\/b><\/p><h3 class=\"entry-title medium-text\"> Personas interesadas en el\u00a0 <br> sector energ\u00e9tico.<\/h3>\n<p><span style=\"font-weight: 400;\">Podr\u00e1n participar aquellas personas interesadas en el sector energ\u00e9tico que se encuentren inscritas en programas de estudios de nivel licenciatura o equivalente en instituciones educativas en M\u00e9xico.\u00a0<\/span><\/p>\n<p><span style=\"font-weight: 400;\">Quienes deseen participar deber\u00e1n formar un equipo integrado por tres estudiantes. Los integrantes podr\u00e1n partenecer a diferentes instituciones educativas pero deber\u00e1n elegir una sola instituci\u00f3n a la que representen.<\/span><\/p>\n<div class=\"button-holder text-left\"><a href=\"#registro\" target=\"_self\" class=\"button \">REGISTRATE<\/a><\/div>\n<\/div>\n<div class = \"one_half last \" data-threshold=\"0 0\" data-jarallax-element=\"120\">\n<img loading=\"lazy\" decoding=\"async\" class=\"alignnone size-full wp-image-576\" src=\"https:\/\/energiaadebate.com\/due2022\/wp-content\/uploads\/2022\/01\/about_01-1.jpg\" alt=\"\" width=\"544\" height=\"700\" srcset=\"https:\/\/energiaadebate.com\/due2022\/wp-content\/uploads\/2022\/01\/about_01-1.jpg 544w, https:\/\/energiaadebate.com\/due2022\/wp-content\/uploads\/2022\/01\/about_01-1-233x300.jpg 233w\" sizes=\"auto, (max-width: 544px) 100vw, 544px\" \/><br \/>\n<\/div><div class = \"clear\"><\/div>[\/vc_column_text][\/vc_column][\/vc_row]<\/p>\n","protected":false},"excerpt":{"rendered":"<p>[vc_row][vc_column][vc_column_text] [\/vc_column_text][\/vc_column][\/vc_row]<\/p>\n","protected":false},"author":1,"featured_media":725,"parent":0,"menu_order":3,"comment_status":"closed","ping_status":"closed","template":"","meta":{"footnotes":""},"class_list":["post-56","page","type-page","status-publish","has-post-thumbnail","hentry"],"_links":{"self":[{"href":"https:\/\/energiaadebate.com\/due2022\/wp-json\/wp\/v2\/pages\/56","targetHints":{"allow":["GET"]}}],"collection":[{"href":"https:\/\/energiaadebate.com\/due2022\/wp-json\/wp\/v2\/pages"}],"about":[{"href":"https:\/\/energiaadebate.com\/due2022\/wp-json\/wp\/v2\/types\/page"}],"author":[{"embeddable":true,"href":"https:\/\/energiaadebate.com\/due2022\/wp-json\/wp\/v2\/users\/1"}],"replies":[{"embeddable":true,"href":"https:\/\/energiaadebate.com\/due2022\/wp-json\/wp\/v2\/comments?post=56"}],"version-history":[{"count":18,"href":"https:\/\/energiaadebate.com\/due2022\/wp-json\/wp\/v2\/pages\/56\/revisions"}],"predecessor-version":[{"id":846,"href":"https:\/\/energiaadebate.com\/due2022\/wp-json\/wp\/v2\/pages\/56\/revisions\/846"}],"wp:featuredmedia":[{"embeddable":true,"href":"https:\/\/energiaadebate.com\/due2022\/wp-json\/wp\/v2\/media\/725"}],"wp:attachment":[{"href":"https:\/\/energiaadebate.com\/due2022\/wp-json\/wp\/v2\/media?parent=56"}],"curies":[{"name":"wp","href":"https:\/\/api.w.org\/{rel}","templated":true}]}}