{"id":64,"date":"2018-09-10T14:21:42","date_gmt":"2018-09-10T14:21:42","guid":{"rendered":"https:\/\/demo.cocobasic.com\/seppo-wp\/?page_id=64"},"modified":"2022-02-03T18:39:48","modified_gmt":"2022-02-03T18:39:48","slug":"inscripciones","status":"publish","type":"page","link":"https:\/\/energiaadebate.com\/due2022\/inscripciones\/","title":{"rendered":"Inscripciones"},"content":{"rendered":"<p>[vc_row][vc_column][vc_column_text]<span style=\"font-weight: 400;\">\u00a0<\/span><\/p>\n<p><b>Inscripci\u00f3n y recepci\u00f3n de trabajos<\/b><\/p>\n<p><span style=\"font-weight: 400;\">Las personas interesadas podr\u00e1n inscribirse a trav\u00e9s del correo electr\u00f3nico <\/span><span style=\"color: #3366ff;\"><a style=\"color: #3366ff;\" href=\"mailto:concurso@energiaadebate.com\" target=\"_blank\" rel=\"noopener\"><span style=\"font-weight: 400;\">concurso@energiaadebate.com<\/span><\/a><\/span> o en este<span style=\"color: #3366ff;\"> <a style=\"color: #3366ff;\" href=\"#registro\">formulario<\/a><\/span> <strong>a partir del 11 de enero de 2022.<\/strong><\/p>\n<p><span style=\"font-weight: 400;\">Informaci\u00f3n para formulario de inscripci\u00f3n<\/span><span style=\"font-weight: 400;\">:<\/span><\/p>\n<ul>\n<li style=\"font-weight: 400;\" aria-level=\"1\"><span style=\"font-weight: 400;\">Nombre completo, carrera y nivel de avance (semestre, trimestre, etc.), de las y los estudiantes integrantes del equipo.<\/span><\/li>\n<li style=\"font-weight: 400;\" aria-level=\"1\"><span style=\"font-weight: 400;\">Direcci\u00f3n de correo electr\u00f3nico y n\u00famero del tel\u00e9fono celular de las y los estudiantes integrantes del equipo.<\/span><\/li>\n<li style=\"font-weight: 400;\" aria-level=\"1\"><span style=\"font-weight: 400;\">Nombre, domicilio y tel\u00e9fono de la instituci\u00f3n educativa<\/span><\/li>\n<\/ul>\n<p><strong>Cierre de inscripciones: 25 de febrero de 2022.<\/strong><\/p>\n<p><strong>Debate final: 26 de marzo de 2022.<br \/>\n<\/strong><\/p>\n<ul>\n<li><span style=\"font-weight: 400;\">Los equipos deber\u00e1n adjuntar y enviar la <strong>Propuesta de Pol\u00edtica P\u00fablica<\/strong> en el que deber\u00e1n considerar la <span style=\"color: #3366ff;\"><a style=\"color: #3366ff;\" href=\"https:\/\/energiaadebate.com\/due2022\/bases.pdf\" target=\"_blank\" rel=\"noopener\">gu\u00eda de participantes<\/a>.<\/span><\/span><\/li>\n<li>Una vez llenado y enviado su formulario, <strong>deber\u00e1n grabar un video<\/strong> de m\u00e1ximo 1 minuto de duraci\u00f3n, en el que expliquen su propuesta. El video deber\u00e1n subirlo a Twitter y TikTok y etiquetar a Energ\u00eda a Debate (@energiaadebate).<\/li>\n<\/ul>\n<p>[\/vc_column_text][vc_column_text]<div class=\"button-holder center-text\"><a href=\"https:\/\/energiaadebate.com\/due2022\/bases.pdf\" target=\"_blank\" class=\"button \">GU\u00cdA DE PARTICIPANTES<\/a><\/div>[\/vc_column_text][vc_row_inner][vc_column_inner][vc_empty_space height=\u00bb60px\u00bb][vc_single_image image=\u00bb419&#8243; img_size=\u00bbfull\u00bb alignment=\u00bbcenter\u00bb][\/vc_column_inner][\/vc_row_inner][\/vc_column][\/vc_row][vc_row full_width=\u00bbstretch_row\u00bb disable_element=\u00bbyes\u00bb css=\u00bb.vc_custom_1643913346786{background-color: #ffffff !important;}\u00bb][vc_column][vc_column_text]<div class = \"one_half \"  >\n<p class=\"title-description-up\">CONTACTO<\/p><h3 class=\"entry-title medium-text\">Ponte en <br> contacto<\/h3>\n<p>Por favor completa los siguientes campos de informaci\u00f3n para que te podamos contestar de la mejor manera y antes posible.<\/p>\n<p>&nbsp;<\/p>\n<\/div>\n<div class = \"one_half last \" >\n<div role=\"form\" class=\"wpcf7\" id=\"wpcf7-f31-o1\" lang=\"en-US\" dir=\"ltr\">\n<div class=\"screen-reader-response\"><p role=\"status\" aria-live=\"polite\" aria-atomic=\"true\"><\/p> <ul><\/ul><\/div>\n<form action=\"\/due2022\/wp-json\/wp\/v2\/pages\/64#wpcf7-f31-o1\" method=\"post\" class=\"wpcf7-form init\" novalidate=\"novalidate\" data-status=\"init\">\n<div style=\"display: none;\">\n<input type=\"hidden\" name=\"_wpcf7\" value=\"31\" \/>\n<input type=\"hidden\" name=\"_wpcf7_version\" value=\"5.5.2\" \/>\n<input type=\"hidden\" name=\"_wpcf7_locale\" value=\"en_US\" \/>\n<input type=\"hidden\" name=\"_wpcf7_unit_tag\" value=\"wpcf7-f31-o1\" \/>\n<input type=\"hidden\" name=\"_wpcf7_container_post\" value=\"0\" \/>\n<input type=\"hidden\" name=\"_wpcf7_posted_data_hash\" value=\"\" \/>\n<\/div>\n<p><span class=\"wpcf7-form-control-wrap your-name\"><input type=\"text\" name=\"your-name\" value=\"\" size=\"40\" class=\"wpcf7-form-control wpcf7-text wpcf7-validates-as-required\" aria-required=\"true\" aria-invalid=\"false\" placeholder=\"Nombre\" \/><\/span><br \/>\n<span class=\"wpcf7-form-control-wrap your-email\"><input type=\"email\" name=\"your-email\" value=\"\" size=\"40\" class=\"wpcf7-form-control wpcf7-text wpcf7-email wpcf7-validates-as-required wpcf7-validates-as-email\" aria-required=\"true\" aria-invalid=\"false\" placeholder=\"Email\" \/><\/span><br \/>\n<span class=\"wpcf7-form-control-wrap your-phone\"><input type=\"text\" name=\"your-phone\" value=\"\" size=\"40\" class=\"wpcf7-form-control wpcf7-text wpcf7-validates-as-required\" aria-required=\"true\" aria-invalid=\"false\" placeholder=\"Tel\u00e9fono\" \/><\/span><br \/>\n<span class=\"wpcf7-form-control-wrap your-message\"><textarea name=\"your-message\" cols=\"40\" rows=\"10\" class=\"wpcf7-form-control wpcf7-textarea\" aria-invalid=\"false\" placeholder=\"Mensaje...\"><\/textarea><\/span><br \/>\n<input type=\"submit\" value=\"ENVIAR\" class=\"wpcf7-form-control has-spinner wpcf7-submit\" \/><\/p>\n<div class=\"wpcf7-response-output\" aria-hidden=\"true\"><\/div><\/form><\/div><br \/>\n<\/div><div class = \"clear\"><\/div>[\/vc_column_text][\/vc_column][\/vc_row]<\/p>\n","protected":false},"excerpt":{"rendered":"<p>[vc_row][vc_column][vc_column_text]\u00a0 Inscripci\u00f3n y recepci\u00f3n de trabajos Las personas interesadas podr\u00e1n inscribirse a trav\u00e9s del correo electr\u00f3nico concurso@energiaadebate.com o en este &#8230;<\/p>\n","protected":false},"author":1,"featured_media":725,"parent":0,"menu_order":7,"comment_status":"closed","ping_status":"closed","template":"","meta":{"footnotes":""},"class_list":["post-64","page","type-page","status-publish","has-post-thumbnail","hentry"],"_links":{"self":[{"href":"https:\/\/energiaadebate.com\/due2022\/wp-json\/wp\/v2\/pages\/64","targetHints":{"allow":["GET"]}}],"collection":[{"href":"https:\/\/energiaadebate.com\/due2022\/wp-json\/wp\/v2\/pages"}],"about":[{"href":"https:\/\/energiaadebate.com\/due2022\/wp-json\/wp\/v2\/types\/page"}],"author":[{"embeddable":true,"href":"https:\/\/energiaadebate.com\/due2022\/wp-json\/wp\/v2\/users\/1"}],"replies":[{"embeddable":true,"href":"https:\/\/energiaadebate.com\/due2022\/wp-json\/wp\/v2\/comments?post=64"}],"version-history":[{"count":36,"href":"https:\/\/energiaadebate.com\/due2022\/wp-json\/wp\/v2\/pages\/64\/revisions"}],"predecessor-version":[{"id":817,"href":"https:\/\/energiaadebate.com\/due2022\/wp-json\/wp\/v2\/pages\/64\/revisions\/817"}],"wp:featuredmedia":[{"embeddable":true,"href":"https:\/\/energiaadebate.com\/due2022\/wp-json\/wp\/v2\/media\/725"}],"wp:attachment":[{"href":"https:\/\/energiaadebate.com\/due2022\/wp-json\/wp\/v2\/media?parent=64"}],"curies":[{"name":"wp","href":"https:\/\/api.w.org\/{rel}","templated":true}]}}