{"id":764,"date":"2022-02-02T03:55:40","date_gmt":"2022-02-02T03:55:40","guid":{"rendered":"https:\/\/energiaadebate.com\/due2022\/?page_id=764"},"modified":"2022-04-11T23:32:50","modified_gmt":"2022-04-11T23:32:50","slug":"premios","status":"publish","type":"page","link":"https:\/\/energiaadebate.com\/due2022\/premios\/","title":{"rendered":"Premios"},"content":{"rendered":"<p>[vc_row full_width=\u00bbstretch_row\u00bb content_placement=\u00bbtop\u00bb css=\u00bb.vc_custom_1643873820770{background-color: #f4f4f4 !important;}\u00bb][vc_column el_class=\u00bbtblanc\u00bb][vc_row_inner content_placement=\u00bbmiddle\u00bb][vc_column_inner width=\u00bb1\/2&#8243;][vc_column_text]<\/p>\n<h3><span style=\"color: #00136a;\">Premios<\/span><\/h3>\n<p>[\/vc_column_text][vc_column_text]<\/p>\n<div class=\"page\" title=\"Page 7\">\n<div class=\"section\">\n<div class=\"layoutArea\">\n<div class=\"column\">\n<p>Se busca que los integrantes de los equipos ganadores para cada categori\u0301a reciban como premio un <strong>viaje todo pagado a una planta eo\u0301lica o una laptop.<\/strong><\/p>\n<p>Todos los equipos finalistas <strong>recibir\u00e1n un reconocimiento y sus propuestas ser\u00e1n publicadas en formato de ensayo en la plataforma informativa Energ\u00eda a Debate y recibir\u00e1n una mentor\u00eda especializada para fortalecer sus habilidades de oratoria<\/strong> por los l\u00edderes de Toastmasters International, as\u00ed como una sesi\u00f3n de retroalimentaci\u00f3n por parte del Equipo Revisor integrado por expertos del sector energ\u00e9tico.<\/p>\n<\/div>\n<\/div>\n<\/div>\n<\/div>\n<p>[\/vc_column_text][\/vc_column_inner][vc_column_inner width=\u00bb1\/2&#8243;][vc_single_image image=\u00bb567&#8243; img_size=\u00bbfull\u00bb alignment=\u00bbcenter\u00bb css_animation=\u00bbbounceIn\u00bb][\/vc_column_inner][\/vc_row_inner][\/vc_column][\/vc_row][vc_row css=\u00bb.vc_custom_1649716800005{background-color: #ffffff !important;}\u00bb][vc_column width=\u00bb1\/4&#8243;][vc_column_text]<strong>Patrocinado por:\u00a0\u00a0<\/strong>[\/vc_column_text][\/vc_column][vc_column width=\u00bb1\/4&#8243;][vc_column_text]<img loading=\"lazy\" decoding=\"async\" class=\"wp-image-861 aligncenter\" src=\"https:\/\/energiaadebate.com\/due2022\/wp-content\/uploads\/2022\/02\/GASNN-4.jpg\" alt=\"\" width=\"297\" height=\"99\" srcset=\"https:\/\/energiaadebate.com\/due2022\/wp-content\/uploads\/2022\/02\/GASNN-4.jpg 768w, https:\/\/energiaadebate.com\/due2022\/wp-content\/uploads\/2022\/02\/GASNN-4-300x100.jpg 300w\" sizes=\"auto, (max-width: 297px) 100vw, 297px\" \/>[\/vc_column_text][\/vc_column][vc_column width=\u00bb1\/4&#8243;][vc_column_text]<img loading=\"lazy\" decoding=\"async\" class=\"alignnone wp-image-1106\" src=\"https:\/\/energiaadebate.com\/due2022\/wp-content\/uploads\/2022\/04\/466eeeb1-4b03-4efb-b357-a76fffd799c8.jpg\" alt=\"\" width=\"299\" height=\"63\" srcset=\"https:\/\/energiaadebate.com\/due2022\/wp-content\/uploads\/2022\/04\/466eeeb1-4b03-4efb-b357-a76fffd799c8.jpg 488w, https:\/\/energiaadebate.com\/due2022\/wp-content\/uploads\/2022\/04\/466eeeb1-4b03-4efb-b357-a76fffd799c8-300x63.jpg 300w\" sizes=\"auto, (max-width: 299px) 100vw, 299px\" \/>[\/vc_column_text][\/vc_column][vc_column width=\u00bb1\/4&#8243;][vc_column_text]<img loading=\"lazy\" decoding=\"async\" class=\"alignnone wp-image-1112\" src=\"https:\/\/energiaadebate.com\/due2022\/wp-content\/uploads\/2022\/04\/cipe.png\" alt=\"\" width=\"200\" height=\"110\" srcset=\"https:\/\/energiaadebate.com\/due2022\/wp-content\/uploads\/2022\/04\/cipe.png 414w, https:\/\/energiaadebate.com\/due2022\/wp-content\/uploads\/2022\/04\/cipe-300x165.png 300w\" sizes=\"auto, (max-width: 200px) 100vw, 200px\" \/>[\/vc_column_text][\/vc_column][\/vc_row]<\/p>\n","protected":false},"excerpt":{"rendered":"<p>[vc_row full_width=\u00bbstretch_row\u00bb content_placement=\u00bbtop\u00bb css=\u00bb.vc_custom_1643873820770{background-color: #f4f4f4 !important;}\u00bb][vc_column el_class=\u00bbtblanc\u00bb][vc_row_inner content_placement=\u00bbmiddle\u00bb][vc_column_inner width=\u00bb1\/2&#8243;][vc_column_text] Premios [\/vc_column_text][vc_column_text] Se busca que los integrantes de los equipos ganadores &#8230;<\/p>\n","protected":false},"author":1,"featured_media":725,"parent":0,"menu_order":2,"comment_status":"closed","ping_status":"closed","template":"","meta":{"footnotes":""},"class_list":["post-764","page","type-page","status-publish","has-post-thumbnail","hentry"],"_links":{"self":[{"href":"https:\/\/energiaadebate.com\/due2022\/wp-json\/wp\/v2\/pages\/764","targetHints":{"allow":["GET"]}}],"collection":[{"href":"https:\/\/energiaadebate.com\/due2022\/wp-json\/wp\/v2\/pages"}],"about":[{"href":"https:\/\/energiaadebate.com\/due2022\/wp-json\/wp\/v2\/types\/page"}],"author":[{"embeddable":true,"href":"https:\/\/energiaadebate.com\/due2022\/wp-json\/wp\/v2\/users\/1"}],"replies":[{"embeddable":true,"href":"https:\/\/energiaadebate.com\/due2022\/wp-json\/wp\/v2\/comments?post=764"}],"version-history":[{"count":9,"href":"https:\/\/energiaadebate.com\/due2022\/wp-json\/wp\/v2\/pages\/764\/revisions"}],"predecessor-version":[{"id":1122,"href":"https:\/\/energiaadebate.com\/due2022\/wp-json\/wp\/v2\/pages\/764\/revisions\/1122"}],"wp:featuredmedia":[{"embeddable":true,"href":"https:\/\/energiaadebate.com\/due2022\/wp-json\/wp\/v2\/media\/725"}],"wp:attachment":[{"href":"https:\/\/energiaadebate.com\/due2022\/wp-json\/wp\/v2\/media?parent=764"}],"curies":[{"name":"wp","href":"https:\/\/api.w.org\/{rel}","templated":true}]}}