{"id":1646,"date":"2025-03-21T02:01:51","date_gmt":"2025-03-21T02:01:51","guid":{"rendered":"https:\/\/energiaadebate.com\/foro-energia\/?page_id=1646"},"modified":"2025-03-22T13:23:20","modified_gmt":"2025-03-22T13:23:20","slug":"aliados","status":"publish","type":"page","link":"https:\/\/energiaadebate.com\/foro-energia\/aliados\/","title":{"rendered":"Aliados"},"content":{"rendered":"<div class=\"wpb-content-wrapper\"><p>[vc_row el_id=&#8221;team&#8221;][vc_column offset=&#8221;vc_hidden-sm vc_hidden-xs&#8221;][vc_empty_space height=&#8221;150px&#8221;][\/vc_column][\/vc_row][vc_row][vc_column]  \n    <div class=\"title-wrap text-center\">\n            <h3>Aliados estrat\u00e9gicos<\/h3>      <h4>Foro Plan Energ\u00e9tico Nacional<\/h4>\n    <\/div>\n\n[\/vc_column][\/vc_row][vc_row][vc_column][vc_separator style=&#8221;shadow&#8221; border_width=&#8221;6&#8243; css=&#8221;&#8221;][\/vc_column][\/vc_row][vc_row][vc_column width=&#8221;1\/3&#8243;][vc_column_text css=&#8221;&#8221;]<img loading=\"lazy\" decoding=\"async\" class=\"alignnone size-full wp-image-1402\" src=\"https:\/\/energiaadebate.com\/foro-energia\/wp-content\/uploads\/2025\/03\/engie.png\" alt=\"\" width=\"300\" height=\"117\" \/>[\/vc_column_text][\/vc_column][vc_column width=&#8221;2\/3&#8243;][vc_column_text css=&#8221;&#8221;]<\/p>\n<p style=\"font-weight: 400;\">ENGIE se posiciona como un actor clave en la transici\u00f3n energ\u00e9tica, con el firme prop\u00f3sito de acelerar la adopci\u00f3n de una econom\u00eda neutra en carbono. Con una presencia global que abarca 30 pa\u00edses y un equipo de 98,000 colaboradores, la empresa cubre toda la cadena de valor energ\u00e9tico, desde la producci\u00f3n hasta la infraestructura y la comercializaci\u00f3n. En M\u00e9xico, ENGIE cuenta con casi tres d\u00e9cadas de experiencia, durante las cuales ha sido pionera en proveer energ\u00eda segura y accesible a todos los rincones del pa\u00eds. Actualmente, la empresa reafirma su compromiso con una transici\u00f3n energ\u00e9tica justa, que beneficie a todos los mexicanos y asegure un futuro sostenible.<br \/>\nEn M\u00e9xico, ENGIE cuenta con 1,600 colaboradores dedicados a la transici\u00f3n energ\u00e9tica, un 40% de los cuales son mujeres, con un 39.6% ocupando roles gerenciales. La empresa ha invertido m\u00e1s de 4,000 millones de d\u00f3lares en proyectos de energ\u00eda en el pa\u00eds. Desde 2019, ENGIE M\u00e9xico ha liderado la transici\u00f3n energ\u00e9tica, suministrando energ\u00eda 100% limpia tanto a la Comisi\u00f3n Federal de Electricidad (CFE) como a clientes privados. La empresa se ha consolidado como uno de los tres principales actores en el sector de energ\u00edas renovables y transporte de gas natural. ENGIE ha desarrollado un s\u00f3lido portafolio de 8 parques e\u00f3licos y solares, distribuidos en 7 estados de la Rep\u00fablica Mexicana. Adem\u00e1s, la empresa tiene presencia en 21 estados del pa\u00eds, ofreciendo una matriz energ\u00e9tica diversificada para impulsar el desarrollo integral de M\u00e9xico.<\/p>\n<p><a href=\"https:\/\/www.engiemexico.com\/\">www.engiemexico.com<\/a>[\/vc_column_text][\/vc_column][\/vc_row][vc_row][vc_column][vc_separator style=&#8221;shadow&#8221; border_width=&#8221;6&#8243; css=&#8221;&#8221;][\/vc_column][\/vc_row][vc_row][vc_column width=&#8221;1\/3&#8243;][vc_column_text css=&#8221;&#8221;]<img loading=\"lazy\" decoding=\"async\" class=\"alignnone size-full wp-image-1332\" src=\"https:\/\/energiaadebate.com\/foro-energia\/wp-content\/uploads\/2025\/03\/amgn.png\" alt=\"\" width=\"300\" height=\"117\" \/>[\/vc_column_text][\/vc_column][vc_column width=&#8221;2\/3&#8243;][vc_column_text css=&#8221;&#8221;]La Asociaci\u00f3n Mexicana de Gas Natural (AMGN) inici\u00f3 operaciones en 1988 con el prop\u00f3sito de ser el \u00f3rgano de representaci\u00f3n y coordinaci\u00f3n de toda la industria del gas natural en M\u00e9xico. Agrupa a m\u00e1s de 80 empresas que conforman la cadena de valor del sector, incluyendo almacenamiento, transporte, distribuci\u00f3n, comercializaci\u00f3n, expendio de gas natural y proveedur\u00eda de productos y servicios. Fomentamos el di\u00e1logo abierto y constructivo con los principales actores y grupos de inter\u00e9s promoviendo el desarrollo y la competitividad de la industria.<\/p>\n<p>Como pilar de la transici\u00f3n energ\u00e9tica, la AMGN impulsa el uso del gas natural por su disponibilidad, eficiencia y menor impacto ambiental en comparaci\u00f3n con otros combustibles f\u00f3siles. Adem\u00e1s, apoyamos la adopci\u00f3n de tecnolog\u00edas innovadoras y modelos de econom\u00eda circular para fomentar la producci\u00f3n de gas natural verde. Estamos comprometidos con la sostenibilidad y la reducci\u00f3n de emisiones, trabajando en conjunto con autoridades y empresas para avanzar hacia un futuro energ\u00e9tico m\u00e1s limpio, seguro y accesible para M\u00e9xico.<\/p>\n<p><a href=\"https:\/\/amgn.mx\/\">www.amgn.mx<\/a>[\/vc_column_text][\/vc_column][\/vc_row][vc_row][vc_column][vc_separator style=&#8221;shadow&#8221; border_width=&#8221;6&#8243; css=&#8221;&#8221;][\/vc_column][\/vc_row][vc_row][vc_column width=&#8221;1\/3&#8243;][vc_column_text css=&#8221;&#8221;]<img loading=\"lazy\" decoding=\"async\" class=\"alignnone size-full wp-image-1381\" src=\"https:\/\/energiaadebate.com\/foro-energia\/wp-content\/uploads\/2025\/03\/agendas-p21-1.png\" alt=\"\" width=\"300\" height=\"117\" \/>[\/vc_column_text][\/vc_column][vc_column width=&#8221;2\/3&#8243;][vc_column_text css=&#8221;&#8221;]<\/p>\n<p style=\"font-weight: 400;\">P21 Energ\u00eda es una firma de consultor\u00eda, ingenier\u00eda y desarrollo de proyectos en el sector energ\u00e9tico, con la capacidad de llevar cualquier iniciativa desde su concepci\u00f3n hasta su puesta en marcha. Su experiencia garantiza el cumplimiento de los requerimientos t\u00e9cnicos, ambientales y sociales, permitiendo el desarrollo integral de cada proyecto.<\/p>\n<p style=\"font-weight: 400;\">La empresa cuenta con una s\u00f3lida trayectoria en la gesti\u00f3n de proyectos de hidrocarburos y electricidad, abarcando tanto fuentes t\u00e9rmicas como renovables. Actualmente tiene un portafolio en desarrollo que supera 1 GW de capacidad en energ\u00edas renovables en M\u00e9xico.<\/p>\n<p style=\"font-weight: 400;\">P21 Energ\u00eda ofrece soluciones estrat\u00e9gicas para toda la cadena del sector, incluyendo generadores, comercializadores, tecn\u00f3logos, gobiernos locales y grandes consumidores de energ\u00eda. Adem\u00e1s, se distingue por su fuerte especializaci\u00f3n en comunicaci\u00f3n, proporcionando servicios de relaciones p\u00fablicas, gesti\u00f3n comunitaria y manejo de crisis. Su profundo conocimiento del sector permite traducir temas complejos en mensajes claros y efectivos, asegurando el \u00e9xito de sus clientes en un entorno din\u00e1mico y competitivo.<\/p>\n<p style=\"font-weight: 400;\"><a href=\"https:\/\/perceptia21.com.mx\/\">www.perceptia21.com.mx<\/a><\/p>\n<p>[\/vc_column_text][\/vc_column][\/vc_row][vc_row][vc_column][vc_separator style=&#8221;shadow&#8221; border_width=&#8221;6&#8243; css=&#8221;&#8221;][\/vc_column][\/vc_row][vc_row css=&#8221;.vc_custom_1742534304310{background-color: #FFFFFF !important;}&#8221;][vc_column width=&#8221;1\/3&#8243;][vc_column_text css=&#8221;&#8221;]<img loading=\"lazy\" decoding=\"async\" class=\"alignnone size-full wp-image-1103\" src=\"https:\/\/energiaadebate.com\/foro-energia\/wp-content\/uploads\/2025\/02\/egas.png\" alt=\"\" width=\"300\" height=\"117\" \/>[\/vc_column_text][\/vc_column][vc_column width=&#8221;2\/3&#8243;][vc_column_text css=&#8221;&#8221;]<\/p>\n<p style=\"font-weight: 400;\">Empresa mexicana con 20 a\u00f1os de experiencia, ofreciendo soluciones TI para hidrocarburos.<\/p>\n<p><a href=\"https:\/\/www.egas.com.mx\/\">www.egas.com.mx<\/a>[\/vc_column_text][\/vc_column][\/vc_row][vc_row][vc_column][vc_separator style=&#8221;shadow&#8221; border_width=&#8221;6&#8243; css=&#8221;&#8221;][\/vc_column][\/vc_row][vc_row css=&#8221;.vc_custom_1742534291710{background-color: #FFFFFF !important;}&#8221;][vc_column width=&#8221;1\/3&#8243;][vc_column_text css=&#8221;&#8221;]<img loading=\"lazy\" decoding=\"async\" class=\"alignnone size-full wp-image-1325\" src=\"https:\/\/energiaadebate.com\/foro-energia\/wp-content\/uploads\/2025\/03\/iberdrola.png\" alt=\"\" width=\"300\" height=\"117\" \/>[\/vc_column_text][\/vc_column][vc_column width=&#8221;2\/3&#8243;][vc_column_text css=&#8221;&#8221;]<\/p>\n<p style=\"font-weight: 400;\">Iberdrola M\u00e9xico contribuye al desarrollo energ\u00e9tico del pa\u00eds desde hace 25 a\u00f1os, suministrando energ\u00eda limpia y competitiva a clientes industriales y comerciales, a trav\u00e9s de una cartera de generaci\u00f3n que supera los 2,600 megavatios (MW), repartida en 15 centrales e\u00f3licas, fotovoltaicas, ciclos combinados y cogeneraciones<\/p>\n<p><a href=\"https:\/\/www.iberdrolamexico.com\/\">www.iberdrolamexico.com<\/a>[\/vc_column_text][\/vc_column][\/vc_row][vc_row][vc_column][vc_separator style=&#8221;shadow&#8221; border_width=&#8221;6&#8243; css=&#8221;&#8221;][\/vc_column][\/vc_row][vc_row][vc_column width=&#8221;1\/3&#8243;][vc_column_text css=&#8221;&#8221;]<img loading=\"lazy\" decoding=\"async\" class=\"alignnone size-full wp-image-1347\" src=\"https:\/\/energiaadebate.com\/foro-energia\/wp-content\/uploads\/2025\/03\/enel.png\" alt=\"\" width=\"300\" height=\"117\" \/>[\/vc_column_text][\/vc_column][vc_column width=&#8221;2\/3&#8243;][vc_column_text css=&#8221;&#8221;]<\/p>\n<p style=\"font-weight: 400;\">Enel es el mayor operador privado de energ\u00edas renovables a nivel mundial.<\/p>\n<p style=\"font-weight: 400;\">Presente en 28 pa\u00edses, produce energ\u00eda con la filosof\u00eda \u201cBuild the future through sustainability power\u201d<\/p>\n<p><a href=\"https:\/\/www.enel.mx\/es\">www.enel.mx<\/a>[\/vc_column_text][\/vc_column][\/vc_row][vc_row][vc_column][vc_separator style=&#8221;shadow&#8221; border_width=&#8221;6&#8243; css=&#8221;&#8221;][\/vc_column][\/vc_row][vc_row][vc_column width=&#8221;1\/3&#8243;][vc_column_text css=&#8221;&#8221;]<img loading=\"lazy\" decoding=\"async\" class=\"alignnone size-medium wp-image-1684\" src=\"https:\/\/energiaadebate.com\/foro-energia\/wp-content\/uploads\/2025\/03\/images-300x102.png\" alt=\"\" width=\"300\" height=\"102\" srcset=\"https:\/\/energiaadebate.com\/foro-energia\/wp-content\/uploads\/2025\/03\/images-300x102.png 300w, https:\/\/energiaadebate.com\/foro-energia\/wp-content\/uploads\/2025\/03\/images-370x126.png 370w, https:\/\/energiaadebate.com\/foro-energia\/wp-content\/uploads\/2025\/03\/images.png 384w\" sizes=\"auto, (max-width: 300px) 100vw, 300px\" \/>[\/vc_column_text][\/vc_column][vc_column width=&#8221;2\/3&#8243;][vc_column_text css=&#8221;&#8221;]<\/p>\n<p style=\"font-weight: 400;\">Siemens Energy: Un l\u00edder global en tecnolog\u00eda energ\u00e9tica<\/p>\n<p style=\"font-weight: 400;\"><a href=\"https:\/\/www.siemens-energy.com\/mx\/es\/home.html\">www.siemens-energy.com<\/a><\/p>\n<p>[\/vc_column_text][\/vc_column][\/vc_row][vc_row][vc_column][vc_separator style=&#8221;shadow&#8221; border_width=&#8221;6&#8243; css=&#8221;&#8221;][\/vc_column][\/vc_row]<\/p>\n<\/div>","protected":false},"excerpt":{"rendered":"<p>[vc_row el_id=&#8221;team&#8221;][vc_column offset=&#8221;vc_hidden-sm vc_hidden-xs&#8221;][vc_empty_space height=&#8221;150px&#8221;][\/vc_column][\/vc_row][vc_row][vc_column][\/vc_column][\/vc_row][vc_row][vc_column][vc_separator style=&#8221;shadow&#8221; border_width=&#8221;6&#8243; css=&#8221;&#8221;][\/vc_column][\/vc_row][vc_row][vc_column width=&#8221;1\/3&#8243;][vc_column_text css=&#8221;&#8221;][\/vc_column_text][\/vc_column][vc_column width=&#8221;2\/3&#8243;][vc_column_text css=&#8221;&#8221;] ENGIE se posiciona como un actor clave en la transici\u00f3n energ\u00e9tica, con el firme prop\u00f3sito de acelerar la adopci\u00f3n de una econom\u00eda neutra en carbono. Con una presencia global que abarca 30 pa\u00edses y un equipo de 98,000 colaboradores, la empresa cubre toda [&hellip;]<\/p>\n","protected":false},"author":1,"featured_media":0,"parent":0,"menu_order":0,"comment_status":"closed","ping_status":"closed","template":"page-templates\/template-canvas.php","meta":{"footnotes":""},"class_list":["post-1646","page","type-page","status-publish","hentry"],"_links":{"self":[{"href":"https:\/\/energiaadebate.com\/foro-energia\/wp-json\/wp\/v2\/pages\/1646","targetHints":{"allow":["GET"]}}],"collection":[{"href":"https:\/\/energiaadebate.com\/foro-energia\/wp-json\/wp\/v2\/pages"}],"about":[{"href":"https:\/\/energiaadebate.com\/foro-energia\/wp-json\/wp\/v2\/types\/page"}],"author":[{"embeddable":true,"href":"https:\/\/energiaadebate.com\/foro-energia\/wp-json\/wp\/v2\/users\/1"}],"replies":[{"embeddable":true,"href":"https:\/\/energiaadebate.com\/foro-energia\/wp-json\/wp\/v2\/comments?post=1646"}],"version-history":[{"count":29,"href":"https:\/\/energiaadebate.com\/foro-energia\/wp-json\/wp\/v2\/pages\/1646\/revisions"}],"predecessor-version":[{"id":1687,"href":"https:\/\/energiaadebate.com\/foro-energia\/wp-json\/wp\/v2\/pages\/1646\/revisions\/1687"}],"wp:attachment":[{"href":"https:\/\/energiaadebate.com\/foro-energia\/wp-json\/wp\/v2\/media?parent=1646"}],"curies":[{"name":"wp","href":"https:\/\/api.w.org\/{rel}","templated":true}]}}