{"id":184,"date":"2018-05-28T10:11:21","date_gmt":"2018-05-28T10:11:21","guid":{"rendered":"http:\/\/localhost\/coeus\/?page_id=184"},"modified":"2025-03-25T17:16:02","modified_gmt":"2025-03-25T17:16:02","slug":"crowdsale","status":"publish","type":"page","link":"https:\/\/energiaadebate.com\/foro-energia\/","title":{"rendered":"Home"},"content":{"rendered":"<div class=\"wpb-content-wrapper\"><p>[vc_row][vc_column offset=&#8221;vc_hidden-sm vc_hidden-xs&#8221;][vc_empty_space height=&#8221;128px&#8221;][\/vc_column][\/vc_row][vc_row css=&#8221;.vc_custom_1742010983733{background-color: #790030 !important;}&#8221;][vc_column]\n\t\t\t\t<p class=\"rs-p-wp-fix\"><\/p>\n\t\t\t\t<sr7-module data-alias=\"slider-1-1\" data-id=\"2\" id=\"SR7_2_1\" class=\"rs-ov-hidden\" data-version=\"6.7.20\">\n\t\t\t\t\t<sr7-adjuster><\/sr7-adjuster>\n\t\t\t\t\t<sr7-content>\n\t\t\t\t\t\t<sr7-slide id=\"SR7_2_1-3\" data-key=\"3\">\n\t\t\t\t\t\t\t<sr7-bg id=\"SR7_2_1-3-5\" class=\"sr7-layer\"><noscript><img decoding=\"async\" src=\"https:\/\/energiaadebate.com\/foro-energia\/wp-content\/uploads\/2025\/03\/back.png\" alt=\"\" title=\"back\"><\/noscript><\/sr7-bg>\n\t\t\t\t\t\t<\/sr7-slide>\n\t\t\t\t\t\t<sr7-slide id=\"SR7_2_1-4\" data-key=\"4\">\n\t\t\t\t\t\t<\/sr7-slide>\n\t\t\t\t\t<\/sr7-content>\n\t\t\t\t\t<image_lists style=\"display:none\">\n\t\t\t\t\t\t<img data-src=\"\/\/energiaadebate.com\/foro-energia\/wp-content\/uploads\/2025\/03\/senado-2.png\" data-libid=\"1195\" data-lib=\"medialibrary\" title=\"senado\" width=\"0\" height=\"0\" data-dbsrc=\"Ly9lbmVyZ2lhYWRlYmF0ZS5jb20vZm9yby1lbmVyZ2lhL3dwLWNvbnRlbnQvdXBsb2Fkcy8yMDI1LzAzL3NlbmFkby0yLnBuZw==\"\/>\n\t\t\t\t\t\t<img data-src=\"\/\/energiaadebate.com\/foro-energia\/wp-content\/uploads\/2025\/03\/senadotra-3-1.png\" data-libid=\"1481\" data-lib=\"medialibrary\" title=\"senadotra-3\" width=\"0\" height=\"0\" data-dbsrc=\"Ly9lbmVyZ2lhYWRlYmF0ZS5jb20vZm9yby1lbmVyZ2lhL3dwLWNvbnRlbnQvdXBsb2Fkcy8yMDI1LzAzL3NlbmFkb3RyYS0zLTEucG5n\"\/>\n\t\t\t\t\t\t<img data-src=\"\/\/energiaadebate.com\/foro-energia\/wp-content\/uploads\/2025\/03\/logo_ea.png\" data-libid=\"1504\" data-lib=\"medialibrary\" title=\"logo_ea\" width=\"0\" height=\"0\" data-dbsrc=\"Ly9lbmVyZ2lhYWRlYmF0ZS5jb20vZm9yby1lbmVyZ2lhL3dwLWNvbnRlbnQvdXBsb2Fkcy8yMDI1LzAzL2xvZ29fZWEucG5n\"\/>\n\t\t\t\t\t\t<img data-src=\"\/\/energiaadebate.com\/foro-energia\/wp-content\/uploads\/2025\/03\/back.png\" data-libid=\"1505\" data-lib=\"medialibrary\" title=\"back\" width=\"0\" height=\"0\" data-dbsrc=\"Ly9lbmVyZ2lhYWRlYmF0ZS5jb20vZm9yby1lbmVyZ2lhL3dwLWNvbnRlbnQvdXBsb2Fkcy8yMDI1LzAzL2JhY2sucG5n\"\/>\n\t\t\t\t\t<\/image_lists>\n\t\t\t\t<\/sr7-module>\n\t\t\t\t<script>\n\t\t\t\t\tSR7.PMH ??={}; SR7.PMH[\"SR7_2_1\"] = {cn:0,state:false,fn: function() { if (_tpt!==undefined && _tpt.prepareModuleHeight !== undefined) {  _tpt.prepareModuleHeight({id:\"SR7_2_1\",el:[500,500,468,960,720],type:'standard',shdw:'0',gh:[500,500,468,960,720],gw:[1240,1240,1024,778,480],vpt:['100px&#039;,&#039;100px&#039;,&#039;100px&#039;,&#039;100px&#039;,&#039;100px'],size:{fullWidth:true, fullHeight:false},mh:'0',onh:0,onw:0,bg:{color:'{\"orig\":\"transparent\",\"type\":\"solid\",\"string\":\"transparent\"}'}});   SR7.PMH[\"SR7_2_1\"].state=true;} else if((SR7.PMH[\"SR7_2_1\"].cn++)<100)\tsetTimeout( SR7.PMH[\"SR7_2_1\"].fn,19);}};SR7.PMH[\"SR7_2_1\" ].fn();\n\t\t\t\t<\/script>\n[\/vc_column][\/vc_row][vc_row bg_style=&#8221;parallax&#8221; bg_parallax=&#8221;349&#8243; css=&#8221;.vc_custom_1742922801202{background-color: #DBDEE1 !important;}&#8221;][vc_column width=&#8221;1\/2&#8243; offset=&#8221;vc_col-lg-offset-3 vc_col-md-offset-3 vc_col-sm-offset-3&#8243; el_class=&#8221;coundow-custom&#8221;][vc_empty_space height=&#8221;80px&#8221;][vc_column_text css=&#8221;&#8221;]<\/p>\n<h4><strong><span style=\"color: #ff0000;\">EN DIRECTO<\/span><\/strong><\/h4>\n<p>[\/vc_column_text][vc_column_text css=&#8221;&#8221;]<iframe loading=\"lazy\" title=\"YouTube video player\" src=\"https:\/\/www.youtube.com\/embed\/iXn42LzsgZM?si=YmnoOFWbSlBUISNL\" width=\"560\" height=\"315\" frameborder=\"0\" allowfullscreen=\"allowfullscreen\"><\/iframe>[\/vc_column_text][vc_empty_space height=&#8221;80px&#8221;][\/vc_column][\/vc_row][vc_row css_animation=&#8221;fadeInLeft&#8221; css=&#8221;.vc_custom_1741162110032{padding-top: 100px !important;padding-bottom: 110px !important;background: #EEECEC url(https:\/\/energiaadebate.com\/foro-energia\/wp-content\/uploads\/2025\/02\/banner.png?id=1109) !important;background-position: center !important;background-repeat: no-repeat !important;background-size: cover !important;}&#8221;][vc_column width=&#8221;1\/2&#8243; el_class=&#8221;align-self-center&#8221;][vc_column_text css=&#8221;.vc_custom_1741236914276{margin-bottom: 16px !important;}&#8221;]<span style=\"color: #ffffff;\">En el foro se reunir\u00e1n los l\u00edderes, expertos y actores clave del sector energ\u00e9tico mexicano para discutir tendencias, innovaciones y pol\u00edticas futuras.<\/span><\/p>\n<p><span style=\"color: #ffffff;\">El programa del Foro incluir\u00e1 tres conferencias magistrales y seis paneles tem\u00e1ticos, dise\u00f1ados para ofrecer una plataforma excepcional que fomente el intercambio de conocimientos, la construcci\u00f3n de redes de contacto y la conexi\u00f3n con autoridades destacadas del sector.<\/span>[\/vc_column_text][\/vc_column][vc_column width=&#8221;5\/12&#8243; offset=&#8221;vc_col-lg-offset-1 vc_col-md-offset-1 vc_col-sm-offset-1&#8243; el_class=&#8221;order-first order-md-last mb-4 mb-md-0&#8243;][vc_column_text css=&#8221;&#8221;]<img loading=\"lazy\" decoding=\"async\" class=\"alignnone wp-image-1195\" src=\"https:\/\/energiaadebate.com\/foro-energia\/wp-content\/uploads\/2025\/03\/senado-2-300x254.png\" alt=\"\" width=\"221\" height=\"187\" srcset=\"https:\/\/energiaadebate.com\/foro-energia\/wp-content\/uploads\/2025\/03\/senado-2-300x254.png 300w, https:\/\/energiaadebate.com\/foro-energia\/wp-content\/uploads\/2025\/03\/senado-2-768x650.png 768w, https:\/\/energiaadebate.com\/foro-energia\/wp-content\/uploads\/2025\/03\/senado-2-770x651.png 770w, https:\/\/energiaadebate.com\/foro-energia\/wp-content\/uploads\/2025\/03\/senado-2-370x313.png 370w, https:\/\/energiaadebate.com\/foro-energia\/wp-content\/uploads\/2025\/03\/senado-2.png 999w\" sizes=\"auto, (max-width: 221px) 100vw, 221px\" \/>[\/vc_column_text][\/vc_column][\/vc_row][vc_row disable_element=&#8221;yes&#8221; css=&#8221;.vc_custom_1738907715789{padding-top: 110px !important;padding-bottom: 110px !important;background-color: #f0f1f6 !important;}&#8221; el_id=&#8221;faq&#8221;][vc_column]  \n    <div class=\"title-wrap text-center\">\n      <div class=\"back-title \">faq<\/div>      <h3>Questions and Answers<\/h3>      <p>Listed questions and answers, all supposed to be commonly asked in some context, and pertaining to a particular topic.<\/p>\n    <\/div>\n\n[\/vc_column][vc_column width=&#8221;1\/2&#8243;]  \n  <div id=\"accordion-id69ee3610ec151\" class=\"accordion-style\">\n            <div class=\"card\">\n          <div class=\"card-header\" id=\"heading-id69ee3610ec151-1\">\n            <a class=\"background-white \" data-toggle=\"collapse\" data-target=\"#collapse-id69ee3610ec151-1\" aria-expanded=\"true\" aria-controls=\"collapse-id69ee3610ec151-1\">\n              What exactly is your token?            <\/a>\n          <\/div>\n\n          <div id=\"collapse-id69ee3610ec151-1\" class=\"collapse show\" aria-labelledby=\"heading-id69ee3610ec151-1\" data-parent=\"#accordion-id69ee3610ec151\">\n            <div class=\"card-body\">\n              <h6 >What exactly is your token?<\/h6>\n              <p >Token is a community of people who want to mine cryptocurrency profitably by combining resources to achieve savings on equipment and ultra-low-cost electricity.<\/p>\n            <\/div>\n          <\/div>\n        <\/div>\n            <div class=\"card\">\n          <div class=\"card-header\" id=\"heading-id69ee3610ec151-2\">\n            <a class=\"background-white collapsed\" data-toggle=\"collapse\" data-target=\"#collapse-id69ee3610ec151-2\" aria-expanded=\"false\" aria-controls=\"collapse-id69ee3610ec151-2\">\n              What\u2019s your overall strategy?            <\/a>\n          <\/div>\n\n          <div id=\"collapse-id69ee3610ec151-2\" class=\"collapse \" aria-labelledby=\"heading-id69ee3610ec151-2\" data-parent=\"#accordion-id69ee3610ec151\">\n            <div class=\"card-body\">\n              <h6 >What\u2019s your overall strategy?<\/h6>\n              <p >Our strategy is very straightforward: 1) raise funds, 2) leverage those funds to procure the best mining equipment and other necessities at the lowest possible prices, 3) set up the hardware in a suitable facility; 4) start mining; 5) distribute what we mine.<\/p>\n            <\/div>\n          <\/div>\n        <\/div>\n            <div class=\"card\">\n          <div class=\"card-header\" id=\"heading-id69ee3610ec151-3\">\n            <a class=\"background-white collapsed\" data-toggle=\"collapse\" data-target=\"#collapse-id69ee3610ec151-3\" aria-expanded=\"false\" aria-controls=\"collapse-id69ee3610ec151-3\">\n              What is bitcoin?            <\/a>\n          <\/div>\n\n          <div id=\"collapse-id69ee3610ec151-3\" class=\"collapse \" aria-labelledby=\"heading-id69ee3610ec151-3\" data-parent=\"#accordion-id69ee3610ec151\">\n            <div class=\"card-body\">\n              <h6 >What is bitcoin?<\/h6>\n              <p >Bitcoin is a cryptocurrency and worldwide payment system. It is the first decentralised digital currency, as the system works without a central bank or single administrator.<\/p>\n            <\/div>\n          <\/div>\n        <\/div>\n      <\/div>\n[\/vc_column][vc_column width=&#8221;1\/2&#8243; el_class=&#8221;mt-4 mt-md-0&#8243;]  \n  <div id=\"accordion-id69ee3610ec199\" class=\"accordion-style\">\n            <div class=\"card\">\n          <div class=\"card-header\" id=\"heading-id69ee3610ec199-1\">\n            <a class=\"background-white \" data-toggle=\"collapse\" data-target=\"#collapse-id69ee3610ec199-1\" aria-expanded=\"true\" aria-controls=\"collapse-id69ee3610ec199-1\">\n              What is blockchain?            <\/a>\n          <\/div>\n\n          <div id=\"collapse-id69ee3610ec199-1\" class=\"collapse show\" aria-labelledby=\"heading-id69ee3610ec199-1\" data-parent=\"#accordion-id69ee3610ec199\">\n            <div class=\"card-body\">\n              <h6 >What is blockchain?<\/h6>\n              <p >A blockchain is the technology on which cryptocurrency is based. A blockchain is basically a continuously growing list of records called blocks that are linked and secured using cryptography.<\/p>\n            <\/div>\n          <\/div>\n        <\/div>\n            <div class=\"card\">\n          <div class=\"card-header\" id=\"heading-id69ee3610ec199-2\">\n            <a class=\"background-white collapsed\" data-toggle=\"collapse\" data-target=\"#collapse-id69ee3610ec199-2\" aria-expanded=\"false\" aria-controls=\"collapse-id69ee3610ec199-2\">\n              What is cryptocurrency?            <\/a>\n          <\/div>\n\n          <div id=\"collapse-id69ee3610ec199-2\" class=\"collapse \" aria-labelledby=\"heading-id69ee3610ec199-2\" data-parent=\"#accordion-id69ee3610ec199\">\n            <div class=\"card-body\">\n              <h6 >What is cryptocurrency?<\/h6>\n              <p >A cryptocurrency is a digital asset designed to work as a medium of exchange that uses cryptography to secure its transactions, to control the creation of additional units, and to verify the transfer of assets.<\/p>\n            <\/div>\n          <\/div>\n        <\/div>\n            <div class=\"card\">\n          <div class=\"card-header\" id=\"heading-id69ee3610ec199-3\">\n            <a class=\"background-white collapsed\" data-toggle=\"collapse\" data-target=\"#collapse-id69ee3610ec199-3\" aria-expanded=\"false\" aria-controls=\"collapse-id69ee3610ec199-3\">\n              How much should I invest?            <\/a>\n          <\/div>\n\n          <div id=\"collapse-id69ee3610ec199-3\" class=\"collapse \" aria-labelledby=\"heading-id69ee3610ec199-3\" data-parent=\"#accordion-id69ee3610ec199\">\n            <div class=\"card-body\">\n              <h6 >How much should I invest?<\/h6>\n              <p >Cryptocurrency mining is not without risk, and we are open and candid about those risks in our White Paper.<\/p>\n            <\/div>\n          <\/div>\n        <\/div>\n      <\/div>\n[\/vc_column][\/vc_row][vc_row css=&#8221;.vc_custom_1741236750255{padding-top: 50px !important;padding-bottom: 50px !important;background-color: #EBE9E9 !important;}&#8221;][vc_column][vc_empty_space][vc_custom_heading text=&#8221;Aliados estrat\u00e9gicos&#8221; font_container=&#8221;tag:h2|text_align:center|color:%23000000&#8243; use_theme_fonts=&#8221;yes&#8221; css_animation=&#8221;fadeIn&#8221; css=&#8221;.vc_custom_1741203293689{margin-bottom: 0px !important;}&#8221;][vc_empty_space][vc_row_inner][vc_column_inner width=&#8221;1\/3&#8243;][vc_column_text css=&#8221;&#8221;]<img loading=\"lazy\" decoding=\"async\" class=\"alignnone size-full wp-image-1402\" src=\"https:\/\/energiaadebate.com\/foro-energia\/wp-content\/uploads\/2025\/03\/engie.png\" alt=\"\" width=\"300\" height=\"117\" \/>[\/vc_column_text][\/vc_column_inner][vc_column_inner width=&#8221;1\/3&#8243;][vc_column_text css=&#8221;&#8221;]<img loading=\"lazy\" decoding=\"async\" class=\"alignnone size-full wp-image-1485 aligncenter\" src=\"https:\/\/energiaadebate.com\/foro-energia\/wp-content\/uploads\/2025\/03\/regulus-1.png\" alt=\"\" width=\"300\" height=\"117\" \/>[\/vc_column_text][\/vc_column_inner][vc_column_inner width=&#8221;1\/3&#8243;][vc_column_text css=&#8221;&#8221;]<img loading=\"lazy\" decoding=\"async\" class=\"alignnone size-full wp-image-1400 aligncenter\" src=\"https:\/\/energiaadebate.com\/foro-energia\/wp-content\/uploads\/2025\/03\/orion-logo-1-300x140-3.png\" alt=\"\" width=\"300\" height=\"117\" \/>[\/vc_column_text][\/vc_column_inner][\/vc_row_inner][vc_row_inner][vc_column_inner width=&#8221;1\/4&#8243;][\/vc_column_inner][vc_column_inner width=&#8221;1\/4&#8243;][vc_column_text css=&#8221;&#8221;]<img loading=\"lazy\" decoding=\"async\" class=\"alignnone size-full wp-image-1404 aligncenter\" src=\"https:\/\/energiaadebate.com\/foro-energia\/wp-content\/uploads\/2025\/03\/AMG.png\" alt=\"\" width=\"300\" height=\"117\" \/>[\/vc_column_text][\/vc_column_inner][vc_column_inner width=&#8221;1\/4&#8243;][vc_column_text css=&#8221;&#8221;]<img loading=\"lazy\" decoding=\"async\" class=\"alignnone size-full wp-image-1381 aligncenter\" src=\"https:\/\/energiaadebate.com\/foro-energia\/wp-content\/uploads\/2025\/03\/agendas-p21-1.png\" alt=\"\" width=\"300\" height=\"117\" \/>[\/vc_column_text][\/vc_column_inner][vc_column_inner width=&#8221;1\/4&#8243;][\/vc_column_inner][\/vc_row_inner][vc_row_inner][vc_column_inner width=&#8221;1\/5&#8243;][vc_column_text css=&#8221;&#8221;]<img loading=\"lazy\" decoding=\"async\" class=\"alignnone size-full wp-image-1325\" src=\"https:\/\/energiaadebate.com\/foro-energia\/wp-content\/uploads\/2025\/03\/iberdrola.png\" alt=\"\" width=\"300\" height=\"117\" \/>[\/vc_column_text][\/vc_column_inner][vc_column_inner width=&#8221;1\/5&#8243;][vc_column_text css=&#8221;&#8221;]<img loading=\"lazy\" decoding=\"async\" class=\"alignnone size-full wp-image-1102 aligncenter\" src=\"https:\/\/energiaadebate.com\/foro-energia\/wp-content\/uploads\/2025\/02\/simens.png\" alt=\"\" width=\"300\" height=\"117\" \/>[\/vc_column_text][\/vc_column_inner][vc_column_inner width=&#8221;1\/5&#8243;][vc_column_text css=&#8221;&#8221;]<img loading=\"lazy\" decoding=\"async\" class=\"alignnone size-full wp-image-1103 aligncenter\" src=\"https:\/\/energiaadebate.com\/foro-energia\/wp-content\/uploads\/2025\/02\/egas.png\" alt=\"\" width=\"300\" height=\"117\" \/>[\/vc_column_text][\/vc_column_inner][vc_column_inner width=&#8221;1\/5&#8243;][vc_column_text css=&#8221;&#8221;]<img loading=\"lazy\" decoding=\"async\" class=\"alignnone size-full wp-image-1347 aligncenter\" src=\"https:\/\/energiaadebate.com\/foro-energia\/wp-content\/uploads\/2025\/03\/enel.png\" alt=\"\" width=\"300\" height=\"117\" \/>[\/vc_column_text][\/vc_column_inner][vc_column_inner width=&#8221;1\/5&#8243;][vc_column_text css=&#8221;&#8221;]<img loading=\"lazy\" decoding=\"async\" class=\"alignnone size-full wp-image-1360 aligncenter\" src=\"https:\/\/energiaadebate.com\/foro-energia\/wp-content\/uploads\/2025\/03\/americ.png\" alt=\"\" width=\"300\" height=\"117\" \/>[\/vc_column_text][\/vc_column_inner][\/vc_row_inner][\/vc_column][\/vc_row][vc_row css=&#8221;.vc_custom_1528882139204{padding-top: 110px !important;padding-bottom: 110px !important;}&#8221; el_id=&#8221;contact&#8221;][vc_column]  \n    <div class=\"title-wrap text-center\">\n      <div class=\"back-title \">contacto<\/div>      <h3>CONTACTO<\/h3>      <p>Informes y comercializaci\u00f3n<\/p>\n    <\/div>\n\n[vc_empty_space][\/vc_column][vc_column column_effect=&#8221;topmove&#8221;][vc_row_inner el_class=&#8221;justify-content-center&#8221;][vc_column_inner width=&#8221;1\/2&#8243;][vc_column_text css=&#8221;&#8221;]<img loading=\"lazy\" decoding=\"async\" class=\"alignnone size-medium wp-image-1018\" src=\"https:\/\/energiaadebate.com\/foro-energia\/wp-content\/uploads\/2025\/02\/logo_ea-300x28.webp\" alt=\"\" width=\"300\" height=\"28\" srcset=\"https:\/\/energiaadebate.com\/foro-energia\/wp-content\/uploads\/2025\/02\/logo_ea-300x28.webp 300w, https:\/\/energiaadebate.com\/foro-energia\/wp-content\/uploads\/2025\/02\/logo_ea-768x72.webp 768w, https:\/\/energiaadebate.com\/foro-energia\/wp-content\/uploads\/2025\/02\/logo_ea-770x72.webp 770w, https:\/\/energiaadebate.com\/foro-energia\/wp-content\/uploads\/2025\/02\/logo_ea-370x35.webp 370w, https:\/\/energiaadebate.com\/foro-energia\/wp-content\/uploads\/2025\/02\/logo_ea.webp 873w\" sizes=\"auto, (max-width: 300px) 100vw, 300px\" \/>[\/vc_column_text][vc_column_text css=&#8221;&#8221;]<b>La plataforma de informaci\u00f3n l\u00edder del sector y de la transici\u00f3n energ\u00e9tica en M\u00e9xico.<\/b>[\/vc_column_text][\/vc_column_inner][vc_column_inner width=&#8221;1\/2&#8243;][vc_column_text css=&#8221;&#8221;]<b>Comercializaci\u00f3n:<\/b><\/p>\n<p><a href=\"mailto:claudia@energiaadebate.com\">claudia@energiaadebate.com<\/a><\/p>\n<p><a href=\"mailto:rociovazquez@energiaadebate.com\">rociovazquez@energiaadebate.com<\/a><\/p>\n<p>[\/vc_column_text][\/vc_column_inner][\/vc_row_inner][\/vc_column][\/vc_row]<\/p>\n<\/div>","protected":false},"excerpt":{"rendered":"<p>[vc_row][vc_column offset=&#8221;vc_hidden-sm vc_hidden-xs&#8221;][vc_empty_space height=&#8221;128px&#8221;][\/vc_column][\/vc_row][vc_row css=&#8221;.vc_custom_1742010983733{background-color: #790030 !important;}&#8221;][vc_column][\/vc_column][\/vc_row][vc_row bg_style=&#8221;parallax&#8221; bg_parallax=&#8221;349&#8243; css=&#8221;.vc_custom_1742922801202{background-color: #DBDEE1 !important;}&#8221;][vc_column width=&#8221;1\/2&#8243; offset=&#8221;vc_col-lg-offset-3 vc_col-md-offset-3 vc_col-sm-offset-3&#8243; el_class=&#8221;coundow-custom&#8221;][vc_empty_space height=&#8221;80px&#8221;][vc_column_text css=&#8221;&#8221;] EN DIRECTO [\/vc_column_text][vc_column_text css=&#8221;&#8221;][\/vc_column_text][vc_empty_space height=&#8221;80px&#8221;][\/vc_column][\/vc_row][vc_row css_animation=&#8221;fadeInLeft&#8221; css=&#8221;.vc_custom_1741162110032{padding-top: 100px !important;padding-bottom: 110px !important;background: #EEECEC url(https:\/\/energiaadebate.com\/foro-energia\/wp-content\/uploads\/2025\/02\/banner.png?id=1109) !important;background-position: center !important;background-repeat: no-repeat !important;background-size: cover !important;}&#8221;][vc_column width=&#8221;1\/2&#8243; el_class=&#8221;align-self-center&#8221;][vc_column_text css=&#8221;.vc_custom_1741236914276{margin-bottom: 16px !important;}&#8221;]En el foro se reunir\u00e1n los l\u00edderes, expertos y actores clave del [&hellip;]<\/p>\n","protected":false},"author":1,"featured_media":0,"parent":0,"menu_order":0,"comment_status":"closed","ping_status":"closed","template":"page-templates\/template-canvas.php","meta":{"footnotes":""},"class_list":["post-184","page","type-page","status-publish","hentry"],"_links":{"self":[{"href":"https:\/\/energiaadebate.com\/foro-energia\/wp-json\/wp\/v2\/pages\/184","targetHints":{"allow":["GET"]}}],"collection":[{"href":"https:\/\/energiaadebate.com\/foro-energia\/wp-json\/wp\/v2\/pages"}],"about":[{"href":"https:\/\/energiaadebate.com\/foro-energia\/wp-json\/wp\/v2\/types\/page"}],"author":[{"embeddable":true,"href":"https:\/\/energiaadebate.com\/foro-energia\/wp-json\/wp\/v2\/users\/1"}],"replies":[{"embeddable":true,"href":"https:\/\/energiaadebate.com\/foro-energia\/wp-json\/wp\/v2\/comments?post=184"}],"version-history":[{"count":134,"href":"https:\/\/energiaadebate.com\/foro-energia\/wp-json\/wp\/v2\/pages\/184\/revisions"}],"predecessor-version":[{"id":1696,"href":"https:\/\/energiaadebate.com\/foro-energia\/wp-json\/wp\/v2\/pages\/184\/revisions\/1696"}],"wp:attachment":[{"href":"https:\/\/energiaadebate.com\/foro-energia\/wp-json\/wp\/v2\/media?parent=184"}],"curies":[{"name":"wp","href":"https:\/\/api.w.org\/{rel}","templated":true}]}}