{"id":1400,"date":"2022-05-16T23:05:19","date_gmt":"2022-05-16T23:05:19","guid":{"rendered":"https:\/\/energiaadebate.com\/mujeres-en-el-frente\/?page_id=1400"},"modified":"2022-05-19T19:45:40","modified_gmt":"2022-05-19T19:45:40","slug":"prensa","status":"publish","type":"page","link":"https:\/\/energiaadebate.com\/mujeres-en-el-frente\/prensa\/","title":{"rendered":"Prensa"},"content":{"rendered":"<p>[vc_row][vc_column][vc_single_image image=\u00bb1415&#8243; img_size=\u00bbfull\u00bb][vc_column_text]<\/p>\n<p class=\"p1\"><b>COMUNICADO DE PRENSA<\/b><\/p>\n<p class=\"p3\"><b>Mujeres en el Frente, el primer reconocimiento para las mujeres de toda la cadena de valor del sector energ\u00e9tico mexicano<\/b><\/p>\n<ul class=\"ul1\">\n<li class=\"li5\"><i>La plataforma informativa Energ\u00eda a Debate y 19 asociaciones privadas reconocieron la labor de 12 mujeres que han sobresalido en el sector energ\u00e9tico<\/i><\/li>\n<li class=\"li5\"><i>Se nominaron 300 mujeres a trav\u00e9s de m\u00e1s 400 postulaciones a nivel nacional<\/i><\/li>\n<\/ul>\n<p class=\"p6\"><b><span class=\"Apple-converted-space\">\u00a0<\/span><\/b><\/p>\n<p class=\"p7\"><b>Ciudad de M\u00e9xico a 29 de abril del 2022.-<\/b> Por iniciativa de la plataforma informativa Energ\u00eda a Debate junto con 19 asociaciones del sector energ\u00e9tico se llev\u00f3 a cabo la primera edici\u00f3n de <b><i>Mujeres en el Frente, <\/i><\/b>que reconoce el talento de 12 mujeres que, por sus valiosas aportaciones, han destacado dentro de la cadena de valor en la industria.<\/p>\n<p class=\"p7\">El objetivo es reconocer su trayectoria, logros, as\u00ed como su labor en torno al impulso del g\u00e9nero dentro del sector energ\u00e9tico mexicano; adem\u00e1s de darles voz y mayor visibilidad al ser reconocidas como mujeres destacadas dentro de la industria. \u201c<i>Agradezco la confianza de cada una de las asociaciones que se sumaron a este reconocimiento, por su compromiso, apoyo y solidaridad para que esta idea se hiciera realidad. Gracias a ustedes se logr\u00f3 una convocatoria a nivel nacional en la que fueron seleccionadas 12 Mujeres en el Frente de un total de 300 nominadas a trav\u00e9s de 400 postulaciones. \u00a1Muchas gracias, porque las mujeres nos lo merecemos!<\/i>\u201d, se\u00f1al\u00f3 Abril Moreno, directora general de Energ\u00eda a Debate.<\/p>\n<p class=\"p7\">Para incluir a mujeres de toda la cadena de valor, en esta primera edici\u00f3n, se decidi\u00f3 crear doce categor\u00edas para galardonarlas por especializaci\u00f3n: acad\u00e9mico, ambiental, asuntos corporativos, comunicaci\u00f3n, gerencia de proyectos, finanzas y econom\u00eda, legal, recursos humanos, regulatorio, servicio p\u00fablico, social y t\u00e9cnico ingenieril.<\/p>\n<p class=\"p7\">Las 12 <b>Mujeres en el Frente<\/b> reconocidas son: Andrea Porras Carrasco, en la categor\u00eda de Ambiental; Ana Joaquina L\u00f3pez en Finanzas y Econom\u00eda;<span class=\"Apple-converted-space\">\u00a0 <\/span>Dulce Guevara L\u00f3pez en Asuntos Corporativos; Evelyn Hern\u00e1ndez Vargas en Comunicaci\u00f3n; Julia Tag\u00fce\u00f1a Parga en Academia; Karen Viviana Luna Ch\u00e1vez en T\u00e9cnico-Ingenieril; Laura Pardo Garc\u00eda en la categor\u00eda de Social; Lorena Mart\u00ednez Mej\u00eda en Regulatorio; Luz Mar\u00eda S\u00e1nchez Ba\u00f1os en Recursos Humanos; Marcela Roque Ram\u00edrez en Gerencia de Proyectos; Roxana Janet Salgado en Servicio P\u00fablico y Shirley Wagner en Legal.<\/p>\n<p class=\"p7\">Mostrando su apoyo e impulsando a las galardonadas, se cont\u00f3 con la presencia de la doctora Alma Am\u00e9rica Porres Luna, comisionada de la Comisi\u00f3n Nacional de Hidrocarburos (CNH) quien destac\u00f3 que: \u201c<i>Representamos el 51% de la poblaci\u00f3n en M\u00e9xico, los datos demuestran que las mujeres terminan sus estudios con mejores calificaciones, sin embargo, no tiene las mismas oportunidades laborales y de desarrollo; es por esto la relevancia de eventos como el reconocimiento de Mujeres en el Frente donde se visibiliza a mujeres que han destacado por sus competencias en el sector energ\u00e9tico<\/i>\u201d.<span class=\"Apple-converted-space\">\u00a0<\/span><\/p>\n<p class=\"p7\">Adem\u00e1s, en el evento se agradeci\u00f3 y distingui\u00f3 a algunas de las mujeres que han abierto brecha en la industria y cuyas voces destacan en la opini\u00f3n p\u00fablica. Ellas son <i>ceiling breakers <\/i>o \u201crompedoras del techo de cristal\u201d, quienes entregaron de manera personal, el reconocimiento de <b>Mujeres en el Frente.<\/b><\/p>\n<p class=\"p7\">Agradecemos a Carla Ortiz Fuentes, Casiopea Ram\u00edrez Melgar, Cynthia Bouchot Preciat, Eneida G\u00f3ngora, Isabelle Rousseau, Jimena Marv\u00e1n Sant\u00edn, Julia Gonz\u00e1lez Romero, Luc\u00eda Bustamante, Marin\u00e9 Rodr\u00edguez, Mar\u00eda Antonieta G\u00f3mez, Patricia Tatto y Rosanety Barrios.<\/p>\n<p class=\"p7\">En el evento la subsecretaria de Energ\u00eda de Panam\u00e1, la ingeniera Rosilena Lindo dirigi\u00f3 unas palabras a las <b>Mujeres en el Frente<\/b>, v\u00eda remota, destacando la labor, compromiso e importancia de las mujeres en el sector energ\u00e9tico en M\u00e9xico. \u201c<i>Al ir abriendo caminos de desarrollo para cerrar la brecha de g\u00e9nero es clave conocer y apoyarte en quienes est\u00e1n construyendo el camino a tu lado; entender y comprender a las que vienen detr\u00e1s, y no perder de vista los consejos de quienes cerraron la brecha para ti. Solo de esa forma se crear\u00e1 un c\u00edrculo virtuoso para la construcci\u00f3n de un nuevo tejido de profesionales, un nuevo tejido empresarial y de servicio p\u00fablico que cambiar\u00e1 el ADN cultural hacia una igualdad de g\u00e9nero, que nazca desde dentro<\/i>\u201d, se\u00f1al\u00f3.<\/p>\n<p class=\"p7\">Energ\u00eda a Debate agradece el apoyo de nuestros patrocinadores: <b>Braskem Idesa<\/b> y <b>Onexpo Nacional, A.C.<\/b>, as\u00ed como a las 19 asociaciones participantes:<span class=\"Apple-converted-space\">\u00a0<\/span><\/p>\n<ul class=\"ul1\">\n<li class=\"li9\">Academia Mexicana de Derecho Energ\u00e9tico (AMDE)<\/li>\n<li class=\"li9\">Asociaci\u00f3n Mexicana de Energ\u00eda E\u00f3lica (AMDEE)<\/li>\n<li class=\"li9\">Asociaci\u00f3n Mexicana de Energ\u00eda (AME)<span class=\"Apple-converted-space\">\u00a0<\/span><\/li>\n<li class=\"li9\">Asociaci\u00f3n Mexicana de empresas de Hidrocarburos (AMEXHI)<\/li>\n<li class=\"li9\">Asociaci\u00f3n Mexicana de Gas Natural (AMGN)<span class=\"Apple-converted-space\">\u00a0<\/span><\/li>\n<li class=\"li9\">Asociaci\u00f3n Mexicana de la Industria Fotovoltaica, A.C. (AMIF)<\/li>\n<li class=\"li9\">Asociaci\u00f3n Nacional de Energ\u00eda Solar (ANES)<span class=\"Apple-converted-space\">\u00a0<\/span><\/li>\n<li class=\"li9\">Asociaci\u00f3n Mexicana de Energ\u00eda Solar (ASOLMEX)<span class=\"Apple-converted-space\">\u00a0<\/span><\/li>\n<li class=\"li9\">Consejo Mexicano de la Energ\u00eda (COMENER)<span class=\"Apple-converted-space\">\u00a0<\/span><\/li>\n<li class=\"li9\">C\u00e1mara de Profesionales en Energ\u00eda Fotovoltaica (CPEF)<span class=\"Apple-converted-space\">\u00a0<\/span><\/li>\n<li class=\"li9\">Eneryou<\/li>\n<li class=\"li9\">Asociaci\u00f3n Mexicana de Hidr\u00f3geno (H2 M\u00e9xico)<span class=\"Apple-converted-space\">\u00a0<\/span><\/li>\n<li class=\"li9\">Mujeres en Energ\u00eda Renovable M\u00e9xico (MERM)<\/li>\n<li class=\"li9\">M\u00e9xico Eval\u00faa<span class=\"Apple-converted-space\">\u00a0<\/span><\/li>\n<li class=\"li9\">Onexpo Nacional, A.C.<span class=\"Apple-converted-space\">\u00a0<\/span><\/li>\n<li class=\"li9\">Red Mujeres en Energ\u00eda y Eficiencia Energ\u00e9tica (RedMeree)<\/li>\n<li class=\"li9\">Voz Experta<span class=\"Apple-converted-space\">\u00a0<\/span><\/li>\n<li class=\"li9\">Women\u00b4s Energy Network M\u00e9xico (WEN)<\/li>\n<li class=\"li9\">World Energy Council (WEC), cap\u00edtulo M\u00e9xico<span class=\"Apple-converted-space\">\u00a0<\/span><\/li>\n<\/ul>\n<p class=\"p7\">Asimismo, agradecemos el apoyo especial que nos brind\u00f3 Daniela Medina, coordinadora de Asuntos P\u00fablicos, Desarrollo Sostenible y Comunicaci\u00f3n de la AMDEE, Elsa Bernal, presidenta de RedMeree y Karla Cedano, presidenta de ANES.<\/p>\n<p class=\"p11\" style=\"text-align: center;\"><b>***<span class=\"Apple-converted-space\">\u00a0 <\/span>*** ***<\/b><\/p>\n<p class=\"p13\"><b><i><span class=\"Apple-converted-space\">\u00a0\u00a0 \u00a0 \u00a0 \u00a0 \u00a0 \u00a0 \u00a0 \u00a0 \u00a0 \u00a0 \u00a0 \u00a0 \u00a0 \u00a0 \u00a0 \u00a0 \u00a0 \u00a0 \u00a0 \u00a0 \u00a0 \u00a0 \u00a0 <\/span><\/i><\/b><i><\/i><\/p>\n<p>[\/vc_column_text][vc_custom_heading text=\u00bbNotas publicadas\u00bb font_container=\u00bbtag:h2|font_size:24px|text_align:left|color:%23707070&#8243; google_fonts=\u00bbfont_family:Actor%3Aregular|font_style:400%20regular%3A400%3Anormal\u00bb][vc_column_text]<\/p>\n<p class=\"jeg_post_title\"><strong><a href=\"https:\/\/factorenergetico.mx\/2022\/04\/29\/sector-eolico-con-mayor-paridad-de-genero-amdee\/\" target=\"_blank\" rel=\"noopener\">Sector e\u00f3lico, con mayor paridad de g\u00e9nero: AMDEE<\/a><\/strong><\/p>\n<p>[\/vc_column_text][vc_column_text]<strong><a href=\"\/\/www.reforma.com\/rompen-mujeres-techo-de-cristal-en-sector-energetico\/ar2394218?referer=--7d616165662f3a3a6262623b727a7a7279703b767a783a--\" target=\"_blank\" rel=\"noopener\">Rompen mujeres &#8216;techo de cristal&#8217; en sector energ\u00e9tico<\/a><\/strong>[\/vc_column_text][vc_column_text]<\/p>\n<p class=\"single-title\"><strong><a href=\"https:\/\/petroleoenergia.com\/mujeres-en-el-frente-el-primer-reconocimiento-para-las-mujeres-de-toda-la-cadena-de-valor-del-sector-energetico-mexicano\/\" target=\"_blank\" rel=\"noopener\">Mujeres en el Frente, el primer reconocimiento para las mujeres de toda la cadena de valor del sector energ\u00e9tico mexicano<\/a><\/strong><\/p>\n<p>[\/vc_column_text][vc_column_text]<\/p>\n<p class=\"entry-title p-border\"><strong><a href=\"https:\/\/energiahoy.com\/2022\/05\/05\/mujeres-en-el-frente-iniciativa-que-busca-cerrar-la-brecha-de-genero-en-energia\/\" target=\"_blank\" rel=\"noopener\">Mujeres en el Frente, iniciativa que busca cerrar la brecha de g\u00e9nero en energ\u00eda<\/a><\/strong><\/p>\n<p>[\/vc_column_text][vc_column_text]<a href=\"https:\/\/www.eventbrite.com.mx\/e\/mujeres-en-el-frente-tickets-317300844367\" target=\"_blank\" rel=\"noopener\"><strong>Mujeres en el Frente, primera edici\u00f3n. Gracias a tu participaci\u00f3n y apoyo, recibimos m\u00e1s de 400 nominaciones.<\/strong><\/a>[\/vc_column_text][vc_column_text]<\/p>\n<p class=\"itemTitle\"><a href=\"https:\/\/www.oilgasrenewables.com\/recursos-humanos\/item\/4078-reconocen-a-12-mujeres-l%C3%ADderes-del-sector-energ%C3%A9tico-en-%E2%80%9Cmujeres-en-el-frente%E2%80%9D-m%C3%A9xico.html\" target=\"_blank\" rel=\"noopener\"><strong>Reconocen a 12 mujeres l\u00edderes del sector energ\u00e9tico en \u201cMujeres en el Frente\u201d (M\u00e9xico)<\/strong><\/a><\/p>\n<p>[\/vc_column_text][\/vc_column][\/vc_row]<\/p>\n","protected":false},"excerpt":{"rendered":"<p>[vc_row][vc_column][vc_single_image image=\u00bb1415&#8243; img_size=\u00bbfull\u00bb][vc_column_text] COMUNICADO DE PRENSA Mujeres en el Frente, el primer reconocimiento para las mujeres de toda la cadena &#8230;<\/p>\n","protected":false},"author":1,"featured_media":1372,"parent":0,"menu_order":12,"comment_status":"closed","ping_status":"closed","template":"","meta":{"footnotes":""},"class_list":["post-1400","page","type-page","status-publish","has-post-thumbnail","hentry"],"_links":{"self":[{"href":"https:\/\/energiaadebate.com\/mujeres-en-el-frente\/wp-json\/wp\/v2\/pages\/1400","targetHints":{"allow":["GET"]}}],"collection":[{"href":"https:\/\/energiaadebate.com\/mujeres-en-el-frente\/wp-json\/wp\/v2\/pages"}],"about":[{"href":"https:\/\/energiaadebate.com\/mujeres-en-el-frente\/wp-json\/wp\/v2\/types\/page"}],"author":[{"embeddable":true,"href":"https:\/\/energiaadebate.com\/mujeres-en-el-frente\/wp-json\/wp\/v2\/users\/1"}],"replies":[{"embeddable":true,"href":"https:\/\/energiaadebate.com\/mujeres-en-el-frente\/wp-json\/wp\/v2\/comments?post=1400"}],"version-history":[{"count":15,"href":"https:\/\/energiaadebate.com\/mujeres-en-el-frente\/wp-json\/wp\/v2\/pages\/1400\/revisions"}],"predecessor-version":[{"id":1506,"href":"https:\/\/energiaadebate.com\/mujeres-en-el-frente\/wp-json\/wp\/v2\/pages\/1400\/revisions\/1506"}],"wp:featuredmedia":[{"embeddable":true,"href":"https:\/\/energiaadebate.com\/mujeres-en-el-frente\/wp-json\/wp\/v2\/media\/1372"}],"wp:attachment":[{"href":"https:\/\/energiaadebate.com\/mujeres-en-el-frente\/wp-json\/wp\/v2\/media?parent=1400"}],"curies":[{"name":"wp","href":"https:\/\/api.w.org\/{rel}","templated":true}]}}