{"id":36,"date":"2018-09-10T14:16:51","date_gmt":"2018-09-10T14:16:51","guid":{"rendered":"https:\/\/demo.cocobasic.com\/seppo-wp\/?page_id=36"},"modified":"2022-05-26T13:46:07","modified_gmt":"2022-05-26T13:46:07","slug":"convocatoria","status":"publish","type":"page","link":"https:\/\/energiaadebate.com\/mujeres-en-el-frente\/convocatoria\/","title":{"rendered":"Convocatoria"},"content":{"rendered":"<p>[vc_row full_width=\u00bbstretch_row\u00bb vc_row_background=\u00bb\u00bb css=\u00bb.vc_custom_1653102720922{background: #f2f2f2 url(https:\/\/energiaadebate.com\/wp-content\/uploads\/2022\/03\/Women-in-Energy-3.jpg?id=22650) !important;background-position: center !important;background-repeat: no-repeat !important;background-size: cover !important;}\u00bb][vc_column]\n\t\t\t<!-- START Slider 1 1 1 REVOLUTION SLIDER 6.4.6 --><p class=\"rs-p-wp-fix\"><\/p>\n\t\t\t<rs-module-wrap id=\"rev_slider_18_1_wrapper\" data-source=\"gallery\" style=\"background:transparent;padding:0;margin:0px auto;margin-top:0;margin-bottom:0;\">\n\t\t\t\t<rs-module id=\"rev_slider_18_1\" style=\"\" data-version=\"6.4.6\">\n\t\t\t\t\t<rs-slides>\n\t\t\t\t\t\t<rs-slide data-key=\"rs-38\" data-title=\"Slide\" data-in=\"o:0;\" data-out=\"a:false;\">\n\t\t\t\t\t\t\t<img loading=\"lazy\" decoding=\"async\" src=\"\/\/energiaadebate.com\/mujeres-en-el-frente\/wp-content\/uploads\/revslider\/slider-1-1\/ad-MEF-copy.jpg\" title=\"ad-MEF-copy.jpg\" width=\"1920\" height=\"1080\" class=\"rev-slidebg tp-rs-img\" data-no-retina>\n<!--\n\t\t\t\t\t\t\t--><rs-layer\n\t\t\t\t\t\t\t\tid=\"slider-18-slide-38-layer-0\" \n\t\t\t\t\t\t\t\tdata-type=\"image\"\n\t\t\t\t\t\t\t\tdata-rsp_ch=\"on\"\n\t\t\t\t\t\t\t\tdata-xy=\"x:630px;y:461px;\"\n\t\t\t\t\t\t\t\tdata-text=\"w:normal;\"\n\t\t\t\t\t\t\t\tdata-dim=\"w:478px;h:89px;\"\n\t\t\t\t\t\t\t\tdata-actions='id:home;o:click;a:scrollto;sp:1000ms;e:power1.inOut;'\n\t\t\t\t\t\t\t\tdata-frame_0=\"rY:360deg;\"\n\t\t\t\t\t\t\t\tdata-frame_1=\"e:back.out;st:2390;sp:500;sR:2390;\"\n\t\t\t\t\t\t\t\tdata-frame_999=\"o:0;st:w;sR:6110;\"\n\t\t\t\t\t\t\t\tstyle=\"z-index:11;\"\n\t\t\t\t\t\t\t><img loading=\"lazy\" decoding=\"async\" src=\"\/\/energiaadebate.com\/mujeres-en-el-frente\/wp-content\/uploads\/2022\/05\/logo-2-2-1.png\" class=\"tp-rs-img\" width=\"1076\" height=\"201\" data-no-retina> \n\t\t\t\t\t\t\t<\/rs-layer><!--\n\n\t\t\t\t\t\t\t--><rs-layer\n\t\t\t\t\t\t\t\tid=\"slider-18-slide-38-layer-2\" \n\t\t\t\t\t\t\t\tdata-type=\"text\"\n\t\t\t\t\t\t\t\tdata-color=\"#fff\"\n\t\t\t\t\t\t\t\tdata-rsp_ch=\"on\"\n\t\t\t\t\t\t\t\tdata-xy=\"x:c;xo:246px;y:182px;\"\n\t\t\t\t\t\t\t\tdata-text=\"w:normal;s:39;l:42;ls:1;fw:500;a:center;\"\n\t\t\t\t\t\t\t\tdata-dim=\"w:622;\"\n\t\t\t\t\t\t\t\tdata-actions='o:click;a:scrollbelow;sp:1000ms;e:power1.inOut;'\n\t\t\t\t\t\t\t\tdata-frame_0=\"rY:360deg;\"\n\t\t\t\t\t\t\t\tdata-frame_1=\"e:back.out;sp:500;\"\n\t\t\t\t\t\t\t\tdata-frame_999=\"o:0;st:w;sR:8500;\"\n\t\t\t\t\t\t\t\tstyle=\"z-index:10;font-family:Roboto;\"\n\t\t\t\t\t\t\t>La convocatoria de Mujeres en el Frente 2022 cerr\u00f3 el 15 marzo Conoce las bases y a las nominadas. \n\t\t\t\t\t\t\t<\/rs-layer><!--\n\n\t\t\t\t\t\t\t--><rs-layer\n\t\t\t\t\t\t\t\tid=\"slider-18-slide-38-layer-3\" \n\t\t\t\t\t\t\t\tdata-type=\"image\"\n\t\t\t\t\t\t\t\tdata-rsp_ch=\"on\"\n\t\t\t\t\t\t\t\tdata-xy=\"x:c;xo:5px;y:627px;\"\n\t\t\t\t\t\t\t\tdata-text=\"w:normal;\"\n\t\t\t\t\t\t\t\tdata-dim=\"w:84px;h:84px;\"\n\t\t\t\t\t\t\t\tdata-actions='id:home;o:mouseenter;a:scrollto;sp:1000ms;e:power1.inOut;'\n\t\t\t\t\t\t\t\tdata-frame_0=\"y:-50;\"\n\t\t\t\t\t\t\t\tdata-frame_1=\"st:2910;sp:1000;sR:2910;\"\n\t\t\t\t\t\t\t\tdata-frame_999=\"o:0;st:w;sR:5090;\"\n\t\t\t\t\t\t\t\tstyle=\"z-index:8;\"\n\t\t\t\t\t\t\t><img loading=\"lazy\" decoding=\"async\" src=\"\/\/energiaadebate.com\/mujeres-en-el-frente\/wp-content\/uploads\/revslider\/slider-1-1\/free-arrow-down-icon-3101-thumb-1.png\" class=\"tp-rs-img\" width=\"512\" height=\"512\" data-no-retina> \n\t\t\t\t\t\t\t<\/rs-layer><!--\n\n\t\t\t\t\t\t\t--><rs-layer\n\t\t\t\t\t\t\t\tid=\"slider-18-slide-38-layer-6\" \n\t\t\t\t\t\t\t\tdata-type=\"image\"\n\t\t\t\t\t\t\t\tdata-rsp_ch=\"on\"\n\t\t\t\t\t\t\t\tdata-xy=\"x:85px;y:c;yo:-124px;\"\n\t\t\t\t\t\t\t\tdata-text=\"w:normal;\"\n\t\t\t\t\t\t\t\tdata-dim=\"w:424px;h:424px;\"\n\t\t\t\t\t\t\t\tdata-actions='o:click;a:scrollbelow;sp:1000ms;e:power1.inOut;'\n\t\t\t\t\t\t\t\tdata-frame_0=\"sX:0.8;sY:0.8;\"\n\t\t\t\t\t\t\t\tdata-frame_1=\"e:power4.out;sp:1000;\"\n\t\t\t\t\t\t\t\tdata-frame_999=\"o:0;st:w;sR:8000;\"\n\t\t\t\t\t\t\t\tstyle=\"z-index:9;\"\n\t\t\t\t\t\t\t><img loading=\"lazy\" decoding=\"async\" src=\"\/\/energiaadebate.com\/mujeres-en-el-frente\/wp-content\/uploads\/revslider\/slider-1-1\/2-1.png\" class=\"tp-rs-img\" width=\"704\" height=\"704\" data-no-retina> \n\t\t\t\t\t\t\t<\/rs-layer><!--\n-->\t\t\t\t\t\t<\/rs-slide>\n\t\t\t\t\t<\/rs-slides>\n\t\t\t\t<\/rs-module>\n\t\t\t\t<script type=\"text\/javascript\">\n\t\t\t\t\tsetREVStartSize({c: 'rev_slider_18_1',rl:[1240,1024,778,480],el:[900],gw:[1240],gh:[900],type:'standard',justify:'',layout:'fullwidth',mh:\"0\"});\n\t\t\t\t\tvar\trevapi18,\n\t\t\t\t\t\ttpj;\n\t\t\t\t\tfunction revinit_revslider181() {\n\t\t\t\t\tjQuery(function() {\n\t\t\t\t\t\ttpj = jQuery;\n\t\t\t\t\t\trevapi18 = tpj(\"#rev_slider_18_1\");\n\t\t\t\t\t\tif(revapi18==undefined || revapi18.revolution == undefined){\n\t\t\t\t\t\t\trevslider_showDoubleJqueryError(\"rev_slider_18_1\");\n\t\t\t\t\t\t}else{\n\t\t\t\t\t\t\trevapi18.revolution({\n\t\t\t\t\t\t\t\tDPR:\"dpr\",\n\t\t\t\t\t\t\t\tsliderLayout:\"fullwidth\",\n\t\t\t\t\t\t\t\tvisibilityLevels:\"1240,1024,778,480\",\n\t\t\t\t\t\t\t\tgridwidth:1240,\n\t\t\t\t\t\t\t\tgridheight:900,\n\t\t\t\t\t\t\t\tperspective:600,\n\t\t\t\t\t\t\t\tperspectiveType:\"global\",\n\t\t\t\t\t\t\t\teditorheight:\"900,768,960,720\",\n\t\t\t\t\t\t\t\tresponsiveLevels:\"1240,1024,778,480\",\n\t\t\t\t\t\t\t\tprogressBar:{disableProgressBar:true},\n\t\t\t\t\t\t\t\tnavigation: {\n\t\t\t\t\t\t\t\t\tonHoverStop:false\n\t\t\t\t\t\t\t\t},\n\t\t\t\t\t\t\t\tfallbacks: {\n\t\t\t\t\t\t\t\t\tallowHTML5AutoPlayOnAndroid:true\n\t\t\t\t\t\t\t\t},\n\t\t\t\t\t\t\t});\n\t\t\t\t\t\t}\n\t\t\t\t\t\t\n\t\t\t\t\t});\n\t\t\t\t\t} \/\/ End of RevInitScript\n\t\t\t\tvar once_revslider181 = false;\n\t\t\t\tif (document.readyState === \"loading\") {document.addEventListener('readystatechange',function() { if((document.readyState === \"interactive\" || document.readyState === \"complete\") && !once_revslider181 ) { once_revslider181 = true; revinit_revslider181();}});} else {once_revslider181 = true; revinit_revslider181();}\n\t\t\t\t<\/script>\n\t\t\t<\/rs-module-wrap>\n\t\t\t<!-- END REVOLUTION SLIDER -->\n[vc_row_inner el_id=\u00bbhome\u00bb][vc_column_inner][vc_empty_space height=\u00bb100px\u00bb][\/vc_column_inner][\/vc_row_inner][vc_column_text css=\u00bb.vc_custom_1653102599441{padding-right: 80px !important;}\u00bb]<\/p>\n<h3 class=\"p1\"><\/h3>\n<h3 class=\"p1\">Apreciable Asociaci\u00f3n,<\/h3>\n<p class=\"p1\" style=\"text-align: left;\">Como ya sabemos, la mujer es parte esencial del funcionamiento de la econom\u00eda y el sector energ\u00e9tico no es la excepci\u00f3n. En el mes de marzo celebramos la trayectoria de las mujeres en la industria y concientizamos sobre la importancia de la inclusi\u00f3n para que sigamos creciendo m\u00e1s eficientes, m\u00e1s ricos de opiniones y m\u00e1s humanos.<\/p>\n<p class=\"p1\" style=\"text-align: left;\">Existen muchos esfuerzos que premian a las mujeres en puestos directivos y nosotras lo celebramos pues son ejemplos que nos inspiran y abren puertas. Sin embargo, consideramos necesario y ben\u00e9fico darles voz a todas esas mujeres que no se encuentran cerca de un reflector, pero que sin duda, iluminan los caminos para las futuras generaciones y su entorno inmediato.<\/p>\n<p class=\"p1\" style=\"text-align: left;\">Es por ello, que una serie de mujeres de diversas asociaciones del sector energ\u00e9tico nos unimos para crear un evento inclusivo de aquellas mujeres que inspiran y que deben ser vistas y escuchadas. Estas mujeres se encuentran a lo largo de toda la cadena de valor y hacen que el engranaje funcione correctamente. Para incluir a los m\u00e1s perfiles posibles, en esta primera edici\u00f3n decidimos crear categor\u00edas para galardonar por funciones.<\/p>\n<p>Fecha limite para nominar: 15 de marzo.[\/vc_column_text][vc_column_text]<\/p>\n<h5 class=\"p1\"><strong>Puedes nominar a las mujeres que te inspiran del sector o nominarte, puedes nominar en varias categor\u00edas:<\/strong><\/h5>\n<p>[\/vc_column_text][vc_row_inner][vc_column_inner width=\u00bb1\/2&#8243;][vc_column_text]<\/p>\n<h5 class=\"p1\"><strong>\u2609 Social<\/strong><\/h5>\n<h5 class=\"p1\"><strong>\u2609 Ambiental<\/strong><\/h5>\n<h5 class=\"p1\"><strong>\u2609 Acad\u00e9mico<\/strong><\/h5>\n<h5 class=\"p1\"><strong>\u2609 Finanzas y econom\u00eda<\/strong><\/h5>\n<h5 class=\"p1\"><strong>\u2609 Comunicaci\u00f3n<\/strong><\/h5>\n<h5 class=\"p1\"><strong>\u2609 Servicio p\u00fablico<\/strong><\/h5>\n<p>[\/vc_column_text][\/vc_column_inner][vc_column_inner width=\u00bb1\/2&#8243;][vc_column_text]<\/p>\n<h5 class=\"p1\"><strong>\u2609 Regulatorio<\/strong><\/h5>\n<h5 class=\"p1\"><strong>\u2609 Legal<\/strong><\/h5>\n<h5 class=\"p1\"><strong>\u2609 Asuntos corporativos<\/strong><\/h5>\n<h5 class=\"p1\"><strong>\u2609 Recursos humanos<\/strong><\/h5>\n<h5 class=\"p1\"><strong>\u2609 Gerencias de proyectos<\/strong><\/h5>\n<h5 class=\"p1\"><strong>\u2609 T\u00e9cnico e ingenieril<\/strong><\/h5>\n<p>[\/vc_column_text][\/vc_column_inner][\/vc_row_inner][vc_btn title=\u00bbLista de nominadas\u00bb color=\u00bbpurple\u00bb size=\u00bblg\u00bb align=\u00bbcenter\u00bb i_icon_fontawesome=\u00bbfas fa-chevron-circle-right\u00bb add_icon=\u00bbtrue\u00bb link=\u00bburl:https%3A%2F%2Fenergiaadebate.com%2Fmujeres-en-el-frente%2Fwp-content%2Fuploads%2F2022%2F05%2FListado-de-nominadas.pdf|target:_blank\u00bb][vc_empty_space height=\u00bb102px\u00bb][\/vc_column][\/vc_row]<\/p>\n","protected":false},"excerpt":{"rendered":"<p>[vc_row full_width=\u00bbstretch_row\u00bb vc_row_background=\u00bb\u00bb css=\u00bb.vc_custom_1653102720922{background: #f2f2f2 url(https:\/\/energiaadebate.com\/wp-content\/uploads\/2022\/03\/Women-in-Energy-3.jpg?id=22650) !important;background-position: center !important;background-repeat: no-repeat !important;background-size: cover !important;}\u00bb][vc_column][vc_row_inner el_id=\u00bbhome\u00bb][vc_column_inner][vc_empty_space height=\u00bb100px\u00bb][\/vc_column_inner][\/vc_row_inner][vc_column_text css=\u00bb.vc_custom_1653102599441{padding-right: 80px !important;}\u00bb] Apreciable Asociaci\u00f3n, &#8230;<\/p>\n","protected":false},"author":1,"featured_media":0,"parent":0,"menu_order":2,"comment_status":"closed","ping_status":"closed","template":"","meta":{"footnotes":""},"class_list":["post-36","page","type-page","status-publish","hentry"],"_links":{"self":[{"href":"https:\/\/energiaadebate.com\/mujeres-en-el-frente\/wp-json\/wp\/v2\/pages\/36","targetHints":{"allow":["GET"]}}],"collection":[{"href":"https:\/\/energiaadebate.com\/mujeres-en-el-frente\/wp-json\/wp\/v2\/pages"}],"about":[{"href":"https:\/\/energiaadebate.com\/mujeres-en-el-frente\/wp-json\/wp\/v2\/types\/page"}],"author":[{"embeddable":true,"href":"https:\/\/energiaadebate.com\/mujeres-en-el-frente\/wp-json\/wp\/v2\/users\/1"}],"replies":[{"embeddable":true,"href":"https:\/\/energiaadebate.com\/mujeres-en-el-frente\/wp-json\/wp\/v2\/comments?post=36"}],"version-history":[{"count":107,"href":"https:\/\/energiaadebate.com\/mujeres-en-el-frente\/wp-json\/wp\/v2\/pages\/36\/revisions"}],"predecessor-version":[{"id":1513,"href":"https:\/\/energiaadebate.com\/mujeres-en-el-frente\/wp-json\/wp\/v2\/pages\/36\/revisions\/1513"}],"wp:attachment":[{"href":"https:\/\/energiaadebate.com\/mujeres-en-el-frente\/wp-json\/wp\/v2\/media?parent=36"}],"curies":[{"name":"wp","href":"https:\/\/api.w.org\/{rel}","templated":true}]}}